{"id":27511,"date":"2020-05-20T20:21:18","date_gmt":"2020-05-20T19:21:18","guid":{"rendered":"https:\/\/demo.univ-djelfa.dz\/?page_id=27511"},"modified":"2025-11-15T17:05:58","modified_gmt":"2025-11-15T16:05:58","slug":"admission-2","status":"publish","type":"page","link":"https:\/\/www.univ-djelfa.dz\/?page_id=27511","title":{"rendered":"Admission"},"content":{"rendered":"\t\t<div data-elementor-type=\"wp-page\" data-elementor-id=\"27511\" class=\"elementor elementor-27511\" data-elementor-post-type=\"page\">\n\t\t\t\t\t\t<section class=\"elementor-section elementor-top-section elementor-element elementor-element-d6dcab8 elementor-section-full_width elementor-section-height-default elementor-section-height-default exad-sticky-section-no\" data-id=\"d6dcab8\" data-element_type=\"section\" data-settings=\"{&quot;background_background&quot;:&quot;classic&quot;,&quot;ekit_has_onepagescroll_dot&quot;:&quot;yes&quot;}\">\n\t\t\t\t\t\t<div class=\"elementor-container elementor-column-gap-default\">\n\t\t\t\t\t<div class=\"elementor-column elementor-col-100 elementor-top-column elementor-element elementor-element-ed43850 exad-sticky-section-no\" data-id=\"ed43850\" data-element_type=\"column\" data-settings=\"{&quot;background_background&quot;:&quot;classic&quot;}\">\n\t\t\t<div class=\"elementor-widget-wrap elementor-element-populated\">\n\t\t\t\t\t\t<section class=\"elementor-section elementor-inner-section elementor-element elementor-element-5ebd951 elementor-section-boxed elementor-section-height-default elementor-section-height-default exad-sticky-section-no\" data-id=\"5ebd951\" data-element_type=\"section\" data-settings=\"{&quot;ekit_has_onepagescroll_dot&quot;:&quot;yes&quot;}\">\n\t\t\t\t\t\t<div class=\"elementor-container elementor-column-gap-default\">\n\t\t\t\t\t<div class=\"elementor-column elementor-col-50 elementor-inner-column elementor-element elementor-element-06bad8a exad-sticky-section-no\" data-id=\"06bad8a\" data-element_type=\"column\">\n\t\t\t<div class=\"elementor-widget-wrap elementor-element-populated\">\n\t\t\t\t\t\t<div class=\"elementor-element elementor-element-2beb977 exad-sticky-section-no elementor-widget elementor-widget-heading\" data-id=\"2beb977\" data-element_type=\"widget\" data-settings=\"{&quot;ekit_we_effect_on&quot;:&quot;none&quot;}\" data-widget_type=\"heading.default\">\n\t\t\t\t<div class=\"elementor-widget-container\">\n\t\t\t\t\t<h2 class=\"elementor-heading-title elementor-size-default\">Admission <\/h2>\t\t\t\t<\/div>\n\t\t\t\t<\/div>\n\t\t\t\t<div class=\"elementor-element elementor-element-4e7e0b2 exad-sticky-section-no elementor-widget elementor-widget-text-editor\" data-id=\"4e7e0b2\" data-element_type=\"widget\" data-settings=\"{&quot;ekit_we_effect_on&quot;:&quot;none&quot;}\" data-widget_type=\"text-editor.default\">\n\t\t\t\t<div class=\"elementor-widget-container\">\n\t\t\t\t\t\t\t\t\t<p style=\"text-align: left;\"><span style=\"color: #ffffff; font-size: 12pt; font-family: arial, helvetica, sans-serif;\"><span class=\"HwtZe\" lang=\"en\"><span class=\"jCAhz ChMk0b\"><span class=\"ryNqvb\"><span class=\"HwtZe\" lang=\"fr\">L&#8217;admission \u00e0 l&#8217;universit\u00e9 est accord\u00e9e aux titulaires d&#8217;un baccalaur\u00e9at selon les conditions pr\u00e9cis\u00e9es dans une circulaire minist\u00e9rielle \u00e9mise par le minist\u00e8re de l&#8217;Enseignement sup\u00e9rieur et de la Recherche scientifique dans la m\u00eame ann\u00e9e d&#8217;obtention du baccalaur\u00e9at, en plus d&#8217;un taux d&#8217;admission minimum en fonction des places p\u00e9dagogiques disponibles &#8211; la capacit\u00e9 de l&#8217;universit\u00e9 &#8211;<\/span><\/span><\/span><\/span><\/span><\/p><p><!-- \/wp:paragraph --><\/p>\t\t\t\t\t\t\t\t<\/div>\n\t\t\t\t<\/div>\n\t\t\t\t\t<\/div>\n\t\t<\/div>\n\t\t\t\t<div class=\"elementor-column elementor-col-50 elementor-inner-column elementor-element elementor-element-6e86faa exad-sticky-section-no\" data-id=\"6e86faa\" data-element_type=\"column\">\n\t\t\t<div class=\"elementor-widget-wrap elementor-element-populated\">\n\t\t\t\t\t\t<div class=\"elementor-element elementor-element-6284843 exad-sticky-section-no elementor-widget elementor-widget-image\" data-id=\"6284843\" data-element_type=\"widget\" data-settings=\"{&quot;ekit_we_effect_on&quot;:&quot;none&quot;}\" data-widget_type=\"image.default\">\n\t\t\t\t<div class=\"elementor-widget-container\">\n\t\t\t\t\t\t\t\t\t\t\t\t\t\t\t<img fetchpriority=\"high\" decoding=\"async\" width=\"1024\" height=\"683\" src=\"https:\/\/www.univ-djelfa.dz\/wp-content\/uploads\/steptodown.com462986-1024x683.jpg\" class=\"attachment-large size-large wp-image-15462\" alt=\"\" srcset=\"https:\/\/www.univ-djelfa.dz\/wp-content\/uploads\/steptodown.com462986-1024x683.jpg 1024w, https:\/\/www.univ-djelfa.dz\/wp-content\/uploads\/steptodown.com462986-300x200.jpg 300w, https:\/\/www.univ-djelfa.dz\/wp-content\/uploads\/steptodown.com462986-768x512.jpg 768w, https:\/\/www.univ-djelfa.dz\/wp-content\/uploads\/steptodown.com462986.jpg 1224w\" sizes=\"(max-width: 1024px) 100vw, 1024px\" \/>\t\t\t\t\t\t\t\t\t\t\t\t\t\t\t<\/div>\n\t\t\t\t<\/div>\n\t\t\t\t\t<\/div>\n\t\t<\/div>\n\t\t\t\t\t<\/div>\n\t\t<\/section>\n\t\t\t\t<div class=\"elementor-element elementor-element-571259b exad-sticky-section-no elementor-widget elementor-widget-text-editor\" data-id=\"571259b\" data-element_type=\"widget\" data-settings=\"{&quot;ekit_we_effect_on&quot;:&quot;none&quot;}\" data-widget_type=\"text-editor.default\">\n\t\t\t\t<div class=\"elementor-widget-container\">\n\t\t\t\t\t\t\t\t\t<h3 data-start=\"82\" data-end=\"106\"><span style=\"color: #000000;\"><strong data-start=\"82\" data-end=\"106\">Droits d\u2019inscription<\/strong><\/span><\/h3><p data-start=\"108\" data-end=\"440\"><span style=\"color: #ffffff;\">Les droits d\u2019inscription universitaire sont des montants symboliques que l\u2019\u00e9tudiant paie lors de la finalisation de son inscription d\u00e9finitive \u00e0 l\u2019universit\u00e9. Il s\u2019agit d\u2019une contribution symbolique (200 DZD) uniquement, et non de v\u00e9ritables frais d\u2019\u00e9tudes, car l\u2019enseignement sup\u00e9rieur en Alg\u00e9rie est gratuit et financ\u00e9 par l\u2019\u00c9tat.<\/span><\/p><p data-start=\"442\" data-end=\"538\"><span style=\"color: #ffffff;\">Le paiement des droits d\u2019inscription se fait exclusivement en ligne via la plateforme <em data-start=\"528\" data-end=\"537\">PROGRES<\/em><\/span><\/p>\t\t\t\t\t\t\t\t<\/div>\n\t\t\t\t<\/div>\n\t\t\t\t<div class=\"elementor-element elementor-element-0dcd94e exad-sticky-section-no elementor-widget elementor-widget-image\" data-id=\"0dcd94e\" data-element_type=\"widget\" data-settings=\"{&quot;ekit_we_effect_on&quot;:&quot;none&quot;}\" data-widget_type=\"image.default\">\n\t\t\t\t<div class=\"elementor-widget-container\">\n\t\t\t\t\t\t\t\t\t\t\t\t\t\t\t<img decoding=\"async\" width=\"401\" height=\"726\" src=\"https:\/\/www.univ-djelfa.dz\/wp-content\/uploads\/DP-e1762537878289-1.png\" class=\"attachment-large size-large wp-image-32093\" alt=\"\" \/>\t\t\t\t\t\t\t\t\t\t\t\t\t\t\t<\/div>\n\t\t\t\t<\/div>\n\t\t\t\t\t<\/div>\n\t\t<\/div>\n\t\t\t\t\t<\/div>\n\t\t<\/section>\n\t\t\t\t<section class=\"elementor-section elementor-top-section elementor-element elementor-element-b0ea1fd elementor-section-boxed elementor-section-height-default elementor-section-height-default exad-sticky-section-no\" data-id=\"b0ea1fd\" data-element_type=\"section\" data-settings=\"{&quot;ekit_has_onepagescroll_dot&quot;:&quot;yes&quot;}\">\n\t\t\t\t\t\t<div class=\"elementor-container elementor-column-gap-default\">\n\t\t\t\t\t<div class=\"elementor-column elementor-col-100 elementor-top-column elementor-element elementor-element-fec0446 exad-sticky-section-no\" data-id=\"fec0446\" data-element_type=\"column\">\n\t\t\t<div class=\"elementor-widget-wrap elementor-element-populated\">\n\t\t\t\t\t\t<div class=\"elementor-element elementor-element-5ff542b exad-sticky-section-no elementor-widget elementor-widget-spacer\" data-id=\"5ff542b\" data-element_type=\"widget\" data-settings=\"{&quot;ekit_we_effect_on&quot;:&quot;none&quot;}\" data-widget_type=\"spacer.default\">\n\t\t\t\t<div class=\"elementor-widget-container\">\n\t\t\t\t\t\t\t<div class=\"elementor-spacer\">\n\t\t\t<div class=\"elementor-spacer-inner\"><\/div>\n\t\t<\/div>\n\t\t\t\t\t\t<\/div>\n\t\t\t\t<\/div>\n\t\t\t\t\t<\/div>\n\t\t<\/div>\n\t\t\t\t\t<\/div>\n\t\t<\/section>\n\t\t\t\t<\/div>\n\t\t","protected":false},"excerpt":{"rendered":"<p>Admission L&#8217;admission \u00e0 l&#8217;universit\u00e9 est accord\u00e9e aux titulaires d&#8217;un baccalaur\u00e9at selon les conditions pr\u00e9cis\u00e9es dans une circulaire minist\u00e9rielle \u00e9mise par le minist\u00e8re de l&#8217;Enseignement sup\u00e9rieur et de la Recherche scientifique dans la m\u00eame ann\u00e9e d&#8217;obtention du baccalaur\u00e9at, en plus d&#8217;un taux d&#8217;admission minimum en fonction des places p\u00e9dagogiques disponibles &#8211; la capacit\u00e9 de l&#8217;universit\u00e9 &#8211;&#8230;<\/p>\n","protected":false},"author":2,"featured_media":13344,"parent":0,"menu_order":0,"comment_status":"closed","ping_status":"closed","template":"","meta":{"_kad_post_transparent":"","_kad_post_title":"default","_kad_post_layout":"default","_kad_post_sidebar_id":"","_kad_post_content_style":"default","_kad_post_vertical_padding":"default","_kad_post_feature":"default","_kad_post_feature_position":"","_kad_post_header":false,"_kad_post_footer":false,"footnotes":""},"class_list":["post-27511","page","type-page","status-publish","has-post-thumbnail","hentry"],"lang":"fr","translations":{"fr":27511,"en":15480,"ar":151},"pll_sync_post":[],"_links":{"self":[{"href":"https:\/\/www.univ-djelfa.dz\/index.php?rest_route=\/wp\/v2\/pages\/27511","targetHints":{"allow":["GET"]}}],"collection":[{"href":"https:\/\/www.univ-djelfa.dz\/index.php?rest_route=\/wp\/v2\/pages"}],"about":[{"href":"https:\/\/www.univ-djelfa.dz\/index.php?rest_route=\/wp\/v2\/types\/page"}],"author":[{"embeddable":true,"href":"https:\/\/www.univ-djelfa.dz\/index.php?rest_route=\/wp\/v2\/users\/2"}],"replies":[{"embeddable":true,"href":"https:\/\/www.univ-djelfa.dz\/index.php?rest_route=%2Fwp%2Fv2%2Fcomments&post=27511"}],"version-history":[{"count":10,"href":"https:\/\/www.univ-djelfa.dz\/index.php?rest_route=\/wp\/v2\/pages\/27511\/revisions"}],"predecessor-version":[{"id":32103,"href":"https:\/\/www.univ-djelfa.dz\/index.php?rest_route=\/wp\/v2\/pages\/27511\/revisions\/32103"}],"wp:featuredmedia":[{"embeddable":true,"href":"https:\/\/www.univ-djelfa.dz\/index.php?rest_route=\/wp\/v2\/media\/13344"}],"wp:attachment":[{"href":"https:\/\/www.univ-djelfa.dz\/index.php?rest_route=%2Fwp%2Fv2%2Fmedia&parent=27511"}],"curies":[{"name":"wp","href":"https:\/\/api.w.org\/{rel}","templated":true}]}}