{"id":27526,"date":"2024-10-13T20:24:46","date_gmt":"2024-10-13T19:24:46","guid":{"rendered":"https:\/\/demo.univ-djelfa.dz\/?page_id=27526"},"modified":"2025-10-03T21:08:32","modified_gmt":"2025-10-03T20:08:32","slug":"habilitation-universitaire","status":"publish","type":"page","link":"https:\/\/www.univ-djelfa.dz\/?page_id=27526","title":{"rendered":"Habilitation universitaire"},"content":{"rendered":"\t\t<div data-elementor-type=\"wp-page\" data-elementor-id=\"27526\" class=\"elementor elementor-27526\" data-elementor-post-type=\"page\">\n\t\t\t\t\t\t<section class=\"elementor-section elementor-top-section elementor-element elementor-element-6c28455 elementor-section-boxed elementor-section-height-default elementor-section-height-default exad-sticky-section-no\" data-id=\"6c28455\" data-element_type=\"section\" data-settings=\"{&quot;ekit_has_onepagescroll_dot&quot;:&quot;yes&quot;}\">\n\t\t\t\t\t\t<div class=\"elementor-container elementor-column-gap-default\">\n\t\t\t\t\t<div class=\"elementor-column elementor-col-100 elementor-top-column elementor-element elementor-element-c907d4a exad-sticky-section-no\" data-id=\"c907d4a\" data-element_type=\"column\">\n\t\t\t<div class=\"elementor-widget-wrap elementor-element-populated\">\n\t\t\t\t\t\t<div class=\"elementor-element elementor-element-036ed02 exad-sticky-section-no elementor-widget elementor-widget-spacer\" data-id=\"036ed02\" data-element_type=\"widget\" data-settings=\"{&quot;ekit_we_effect_on&quot;:&quot;none&quot;}\" data-widget_type=\"spacer.default\">\n\t\t\t\t<div class=\"elementor-widget-container\">\n\t\t\t\t\t\t\t<div class=\"elementor-spacer\">\n\t\t\t<div class=\"elementor-spacer-inner\"><\/div>\n\t\t<\/div>\n\t\t\t\t\t\t<\/div>\n\t\t\t\t<\/div>\n\t\t\t\t\t<\/div>\n\t\t<\/div>\n\t\t\t\t\t<\/div>\n\t\t<\/section>\n\t\t\t\t<section class=\"elementor-section elementor-top-section elementor-element elementor-element-5a61b0c elementor-section-boxed elementor-section-height-default elementor-section-height-default exad-sticky-section-no\" data-id=\"5a61b0c\" data-element_type=\"section\" data-settings=\"{&quot;ekit_has_onepagescroll_dot&quot;:&quot;yes&quot;}\">\n\t\t\t\t\t\t<div class=\"elementor-container elementor-column-gap-default\">\n\t\t\t\t\t<div class=\"elementor-column elementor-col-50 elementor-top-column elementor-element elementor-element-6370232 exad-sticky-section-no\" data-id=\"6370232\" data-element_type=\"column\" data-settings=\"{&quot;background_background&quot;:&quot;classic&quot;}\">\n\t\t\t<div class=\"elementor-widget-wrap\">\n\t\t\t\t\t<div class=\"elementor-background-overlay\"><\/div>\n\t\t\t\t\t\t\t<\/div>\n\t\t<\/div>\n\t\t\t\t<div class=\"elementor-column elementor-col-50 elementor-top-column elementor-element elementor-element-e68c92a exad-sticky-section-no\" data-id=\"e68c92a\" data-element_type=\"column\" data-settings=\"{&quot;background_background&quot;:&quot;classic&quot;}\">\n\t\t\t<div class=\"elementor-widget-wrap elementor-element-populated\">\n\t\t\t\t\t\t<div class=\"elementor-element elementor-element-33112bc exad-sticky-section-no elementor-widget elementor-widget-heading\" data-id=\"33112bc\" data-element_type=\"widget\" data-settings=\"{&quot;ekit_we_effect_on&quot;:&quot;none&quot;}\" data-widget_type=\"heading.default\">\n\t\t\t\t<div class=\"elementor-widget-container\">\n\t\t\t\t\t<h4 class=\"elementor-heading-title elementor-size-default\">Modalit\u00e9s d'obtention d'une habilitation universitaire selon le d\u00e9cret ex\u00e9cutif 21-50 du 28 janvier 2021\n<\/h4>\t\t\t\t<\/div>\n\t\t\t\t<\/div>\n\t\t\t\t<div class=\"elementor-element elementor-element-82c577c elementor-widget__width-initial exad-sticky-section-no elementor-widget elementor-widget-exad-list-group\" data-id=\"82c577c\" data-element_type=\"widget\" data-settings=\"{&quot;ekit_we_effect_on&quot;:&quot;none&quot;}\" data-widget_type=\"exad-list-group.default\">\n\t\t\t\t<div class=\"elementor-widget-container\">\n\t\t\t\t\t\t\t<div class=\"exad-list-group\">\r\n\t\t\t<ul class=\"exad-list-group-wrapper layout_3\">\r\n\t\t\t\t\t\t\t\t\t\t\t\t\t<li class=\"exad-list-group-item exad-icon-left\">\r\n\t\t\t\t\t\t\t\t\t\t\t\t\t<span class=\"exad-list-group-icon yes\">\r\n\t\t\t\t\t\t\t\t\t\t\t\t\t\t\t\t\t<i aria-hidden=\"true\" class=\"remixicon ri-number-1\"><\/i>\t\t\t\t\t\t\t\t\t\t\t\t\t\t\t\t\t\t\t\t\t\t\t\t\t\t\t\t\t\t\t<\/span>\r\n\t\t\t\t\t\t\t\t\t\t\t\t\t\t\t<span class=\"exad-list-group-text\">\r\n\t\t\t\t\t\t\t\t\t\u00catre en statut actif depuis au moins 03 ans\t\t\t\t\t\t\t\t<\/span>\r\n\t\t\t\t\t\t\t\t\t\t\t\t\t\t\t\t\t\t<\/li>\r\n\t\t\t\t\t\t\t\t\t\t\t\t\t<li class=\"exad-list-group-item exad-icon-left\">\r\n\t\t\t\t\t\t\t\t\t\t\t\t\t<span class=\"exad-list-group-icon yes\">\r\n\t\t\t\t\t\t\t\t\t\t\t\t\t\t\t\t\t<i aria-hidden=\"true\" class=\"remixicon ri-number-2\"><\/i>\t\t\t\t\t\t\t\t\t\t\t\t\t\t\t\t\t\t\t\t\t\t\t\t\t\t\t\t\t\t\t<\/span>\r\n\t\t\t\t\t\t\t\t\t\t\t\t\t\t\t<span class=\"exad-list-group-text\">\r\n\t\t\t\t\t\t\t\t\t\u00catre titulaire d'un doctorat ou d'un dipl\u00f4me \u00e9tranger reconnu \u00e9quivalent depuis au moins un an.\t\t\t\t\t\t\t\t<\/span>\r\n\t\t\t\t\t\t\t\t\t\t\t\t\t\t\t\t\t\t<\/li>\r\n\t\t\t\t\t\t\t\t\t\t\t\t\t<li class=\"exad-list-group-item exad-icon-left\">\r\n\t\t\t\t\t\t\t\t\t\t\t\t\t<span class=\"exad-list-group-icon yes\">\r\n\t\t\t\t\t\t\t\t\t\t\t\t\t\t\t\t\t<i aria-hidden=\"true\" class=\"remixicon ri-number-3\"><\/i>\t\t\t\t\t\t\t\t\t\t\t\t\t\t\t\t\t\t\t\t\t\t\t\t\t\t\t\t\t\t\t<\/span>\r\n\t\t\t\t\t\t\t\t\t\t\t\t\t\t\t<span class=\"exad-list-group-text\">\r\n\t\t\t\t\t\t\t\t\tApr\u00e8s l'obtention d'un doctorat, il\/elle a effectu\u00e9 des travaux de recherche de haut niveau et corrobor\u00e9 ses r\u00e9sultats de recherche par des publications dans des revues nationales ou internationales de r\u00e9putation reconnue, des interventions nationales ou internationales ou des d\u00e9p\u00f4ts de brevets\t\t\t\t\t\t\t\t<\/span>\r\n\t\t\t\t\t\t\t\t\t\t\t\t\t\t\t\t\t\t<\/li>\r\n\t\t\t\t\t\t\t\t\t\t\t\t\t<li class=\"exad-list-group-item exad-icon-left\">\r\n\t\t\t\t\t\t\t\t\t\t\t\t\t<span class=\"exad-list-group-icon yes\">\r\n\t\t\t\t\t\t\t\t\t\t\t\t\t\t\t\t\t<i aria-hidden=\"true\" class=\"remixicon ri-number-4\"><\/i>\t\t\t\t\t\t\t\t\t\t\t\t\t\t\t\t\t\t\t\t\t\t\t\t\t\t\t\t\t\t\t<\/span>\r\n\t\t\t\t\t\t\t\t\t\t\t\t\t\t\t<span class=\"exad-list-group-text\">\r\n\t\t\t\t\t\t\t\t\tExp\u00e9rience p\u00e9dagogique d\u00e9montr\u00e9e par la production de publications \u00e9ducatives, l'enseignement et le mentorat d'\u00e9tudiants en master. \t\t\t\t\t\t\t\t<\/span>\r\n\t\t\t\t\t\t\t\t\t\t\t\t\t\t\t\t\t\t<\/li>\r\n\t\t\t\t\t\t\t<\/ul>\r\n\t\t<\/div>\r\n\t\t\t\t\t\t<\/div>\n\t\t\t\t<\/div>\n\t\t\t\t\t<\/div>\n\t\t<\/div>\n\t\t\t\t\t<\/div>\n\t\t<\/section>\n\t\t\t\t<section class=\"elementor-section elementor-top-section elementor-element elementor-element-69774b9 elementor-section-boxed elementor-section-height-default elementor-section-height-default exad-sticky-section-no\" data-id=\"69774b9\" data-element_type=\"section\" data-settings=\"{&quot;ekit_has_onepagescroll_dot&quot;:&quot;yes&quot;}\">\n\t\t\t\t\t\t<div class=\"elementor-container elementor-column-gap-default\">\n\t\t\t\t\t<div class=\"elementor-column elementor-col-100 elementor-top-column elementor-element elementor-element-c206066 exad-sticky-section-no\" data-id=\"c206066\" data-element_type=\"column\">\n\t\t\t<div class=\"elementor-widget-wrap elementor-element-populated\">\n\t\t\t\t\t\t<div class=\"elementor-element elementor-element-395e475 elementor-align-left exad-sticky-section-no elementor-widget elementor-widget-elementskit-button\" data-id=\"395e475\" data-element_type=\"widget\" data-settings=\"{&quot;ekit_we_effect_on&quot;:&quot;none&quot;}\" data-widget_type=\"elementskit-button.default\">\n\t\t\t\t<div class=\"elementor-widget-container\">\n\t\t\t\t\t<div class=\"ekit-wid-con\" >\t\t<div class=\"ekit-btn-wraper\">\n\t\t\t\t\t\t\t<a href=\"https:\/\/progres.mesrs.dz\/webgrh\" class=\"elementskit-btn  whitespace--normal\" id=\"\" target=\"_blank\" rel=\"noopener\">\n\t\t\t\t\t<i class=\"fab fa-internet-explorer\"><\/i>Plateforme de soumission des candidatures\t\t\t\t<\/a>\n\t\t\t\t\t<\/div>\n        <\/div>\t\t\t\t<\/div>\n\t\t\t\t<\/div>\n\t\t\t\t<div class=\"elementor-element elementor-element-e2dbf0b exad-sticky-section-no elementor-widget elementor-widget-spacer\" data-id=\"e2dbf0b\" data-element_type=\"widget\" data-settings=\"{&quot;ekit_we_effect_on&quot;:&quot;none&quot;}\" data-widget_type=\"spacer.default\">\n\t\t\t\t<div class=\"elementor-widget-container\">\n\t\t\t\t\t\t\t<div class=\"elementor-spacer\">\n\t\t\t<div class=\"elementor-spacer-inner\"><\/div>\n\t\t<\/div>\n\t\t\t\t\t\t<\/div>\n\t\t\t\t<\/div>\n\t\t\t\t\t<\/div>\n\t\t<\/div>\n\t\t\t\t\t<\/div>\n\t\t<\/section>\n\t\t\t\t<section class=\"elementor-section elementor-top-section elementor-element elementor-element-5fad481 elementor-section-boxed elementor-section-height-default elementor-section-height-default exad-sticky-section-no\" data-id=\"5fad481\" data-element_type=\"section\" data-settings=\"{&quot;background_background&quot;:&quot;classic&quot;,&quot;ekit_has_onepagescroll_dot&quot;:&quot;yes&quot;}\">\n\t\t\t\t\t\t<div class=\"elementor-container elementor-column-gap-default\">\n\t\t\t\t\t<div class=\"elementor-column elementor-col-50 elementor-top-column elementor-element elementor-element-c267910 exad-sticky-section-no\" data-id=\"c267910\" data-element_type=\"column\">\n\t\t\t<div class=\"elementor-widget-wrap elementor-element-populated\">\n\t\t\t\t\t\t<div class=\"elementor-element elementor-element-8d21b70 elementor-widget__width-initial exad-sticky-section-no elementor-widget elementor-widget-text-editor\" data-id=\"8d21b70\" data-element_type=\"widget\" data-settings=\"{&quot;ekit_we_effect_on&quot;:&quot;none&quot;}\" data-widget_type=\"text-editor.default\">\n\t\t\t\t<div class=\"elementor-widget-container\">\n\t\t\t\t\t\t\t\t\t<p><span style=\"color: #333333;\"><strong><span class=\"HwtZe\" lang=\"fr\" style=\"font-family: arial, helvetica, sans-serif;\"><span class=\"jCAhz ChMk0b\"><span class=\"ryNqvb\">Le dossier de candidature \u00e0 l&#8217;accr\u00e9ditation universitaire comprend\u00a0:<\/span><\/span><\/span><\/strong><\/span><\/p><p><span class=\"HwtZe\" lang=\"fr\" style=\"color: #333333; font-family: arial, helvetica, sans-serif;\"><span class=\"jCAhz ChMk0b\"><span class=\"ryNqvb\"> 1. Une demande \u00e9crite\u00a0;<\/span><\/span> <\/span><\/p><p><span class=\"HwtZe\" lang=\"fr\" style=\"color: #333333; font-family: arial, helvetica, sans-serif;\"><span class=\"jCAhz ChMk0b\"><span class=\"ryNqvb\">2. Un CV accompagn\u00e9 de documents relatifs \u00e0 l&#8217;ensemble de la carri\u00e8re scientifique et p\u00e9dagogique du candidat, incluant une copie de sa th\u00e8se de doctorat et de ses publications scientifiques, interventions, \u00e9crits, manuels, publications p\u00e9dagogiques et brevets d\u00e9pos\u00e9s par le candidat\u00a0;<\/span><\/span><\/span><\/p><p><span class=\"HwtZe\" lang=\"fr\" style=\"color: #333333; font-family: arial, helvetica, sans-serif;\"><span class=\"jCAhz ChMk0b\"><span class=\"ryNqvb\"> 3. Un rapport sur les activit\u00e9s d&#8217;enseignement, de mentorat, d&#8217;exp\u00e9rience et d&#8217;\u00e9valuation men\u00e9es apr\u00e8s l&#8217;obtention de son doctorat.<\/span><\/span> <\/span><\/p><p><span class=\"HwtZe\" lang=\"fr\" style=\"color: #333333; font-family: arial, helvetica, sans-serif;\"><span class=\"jCAhz ChMk0b\"><span class=\"ryNqvb\">Le dossier de candidature doit inclure un r\u00e9sum\u00e9 de l&#8217;ensemble de sa carri\u00e8re p\u00e9dagogique et scientifique, r\u00e9dig\u00e9 dans la langue nationale et dans l&#8217;une des langues fran\u00e7aise et anglaise.<\/span><\/span><\/span><\/p>\t\t\t\t\t\t\t\t<\/div>\n\t\t\t\t<\/div>\n\t\t\t\t\t<\/div>\n\t\t<\/div>\n\t\t\t\t<div class=\"elementor-column elementor-col-50 elementor-top-column elementor-element elementor-element-9e193ba exad-sticky-section-no\" data-id=\"9e193ba\" data-element_type=\"column\" data-settings=\"{&quot;background_background&quot;:&quot;classic&quot;}\">\n\t\t\t<div class=\"elementor-widget-wrap\">\n\t\t\t\t\t\t\t<\/div>\n\t\t<\/div>\n\t\t\t\t\t<\/div>\n\t\t<\/section>\n\t\t\t\t<section class=\"elementor-section elementor-top-section elementor-element elementor-element-5160708 elementor-section-boxed elementor-section-height-default elementor-section-height-default exad-sticky-section-no\" data-id=\"5160708\" data-element_type=\"section\" data-settings=\"{&quot;ekit_has_onepagescroll_dot&quot;:&quot;yes&quot;}\">\n\t\t\t\t\t\t<div class=\"elementor-container elementor-column-gap-default\">\n\t\t\t\t\t<div class=\"elementor-column elementor-col-100 elementor-top-column elementor-element elementor-element-24bb67a exad-sticky-section-no\" data-id=\"24bb67a\" data-element_type=\"column\">\n\t\t\t<div class=\"elementor-widget-wrap elementor-element-populated\">\n\t\t\t\t\t\t<div class=\"elementor-element elementor-element-28f8e49 exad-sticky-section-no elementor-widget elementor-widget-spacer\" data-id=\"28f8e49\" data-element_type=\"widget\" data-settings=\"{&quot;ekit_we_effect_on&quot;:&quot;none&quot;}\" data-widget_type=\"spacer.default\">\n\t\t\t\t<div class=\"elementor-widget-container\">\n\t\t\t\t\t\t\t<div class=\"elementor-spacer\">\n\t\t\t<div class=\"elementor-spacer-inner\"><\/div>\n\t\t<\/div>\n\t\t\t\t\t\t<\/div>\n\t\t\t\t<\/div>\n\t\t\t\t\t<\/div>\n\t\t<\/div>\n\t\t\t\t\t<\/div>\n\t\t<\/section>\n\t\t\t\t<\/div>\n\t\t","protected":false},"excerpt":{"rendered":"<p>Modalit\u00e9s d&#8217;obtention d&#8217;une habilitation universitaire selon le d\u00e9cret ex\u00e9cutif 21-50 du 28 janvier 2021 \u00catre en statut actif depuis au moins 03 ans \u00catre titulaire d&#8217;un doctorat ou d&#8217;un dipl\u00f4me \u00e9tranger reconnu \u00e9quivalent depuis au moins un an. Apr\u00e8s l&#8217;obtention d&#8217;un doctorat, il\/elle a effectu\u00e9 des travaux de recherche de haut niveau et corrobor\u00e9 ses&#8230;<\/p>\n","protected":false},"author":2,"featured_media":15105,"parent":0,"menu_order":0,"comment_status":"closed","ping_status":"closed","template":"","meta":{"_kad_post_transparent":"","_kad_post_title":"default","_kad_post_layout":"default","_kad_post_sidebar_id":"","_kad_post_content_style":"default","_kad_post_vertical_padding":"top","_kad_post_feature":"hide","_kad_post_feature_position":"","_kad_post_header":false,"_kad_post_footer":false,"footnotes":""},"class_list":["post-27526","page","type-page","status-publish","has-post-thumbnail","hentry"],"lang":"fr","translations":{"fr":27526,"en":15586,"ar":15077},"pll_sync_post":[],"_links":{"self":[{"href":"https:\/\/www.univ-djelfa.dz\/index.php?rest_route=\/wp\/v2\/pages\/27526","targetHints":{"allow":["GET"]}}],"collection":[{"href":"https:\/\/www.univ-djelfa.dz\/index.php?rest_route=\/wp\/v2\/pages"}],"about":[{"href":"https:\/\/www.univ-djelfa.dz\/index.php?rest_route=\/wp\/v2\/types\/page"}],"author":[{"embeddable":true,"href":"https:\/\/www.univ-djelfa.dz\/index.php?rest_route=\/wp\/v2\/users\/2"}],"replies":[{"embeddable":true,"href":"https:\/\/www.univ-djelfa.dz\/index.php?rest_route=%2Fwp%2Fv2%2Fcomments&post=27526"}],"version-history":[{"count":1,"href":"https:\/\/www.univ-djelfa.dz\/index.php?rest_route=\/wp\/v2\/pages\/27526\/revisions"}],"predecessor-version":[{"id":29071,"href":"https:\/\/www.univ-djelfa.dz\/index.php?rest_route=\/wp\/v2\/pages\/27526\/revisions\/29071"}],"wp:featuredmedia":[{"embeddable":true,"href":"https:\/\/www.univ-djelfa.dz\/index.php?rest_route=\/wp\/v2\/media\/15105"}],"wp:attachment":[{"href":"https:\/\/www.univ-djelfa.dz\/index.php?rest_route=%2Fwp%2Fv2%2Fmedia&parent=27526"}],"curies":[{"name":"wp","href":"https:\/\/api.w.org\/{rel}","templated":true}]}}