{"id":27722,"date":"2024-11-17T15:27:37","date_gmt":"2024-11-17T14:27:37","guid":{"rendered":"https:\/\/demo.univ-djelfa.dz\/?page_id=27722"},"modified":"2025-11-07T19:40:44","modified_gmt":"2025-11-07T18:40:44","slug":"international","status":"publish","type":"page","link":"https:\/\/www.univ-djelfa.dz\/?page_id=27722","title":{"rendered":"International"},"content":{"rendered":"\t\t<div data-elementor-type=\"wp-page\" data-elementor-id=\"27722\" class=\"elementor elementor-27722\" data-elementor-post-type=\"page\">\n\t\t\t\t\t\t<section class=\"elementor-section elementor-top-section elementor-element elementor-element-cde769d elementor-section-content-top elementor-section-boxed elementor-section-height-default elementor-section-height-default exad-sticky-section-no\" data-id=\"cde769d\" data-element_type=\"section\" data-settings=\"{&quot;ekit_has_onepagescroll_dot&quot;:&quot;yes&quot;}\">\n\t\t\t\t\t\t<div class=\"elementor-container elementor-column-gap-default\">\n\t\t\t\t\t<div class=\"elementor-column elementor-col-33 elementor-top-column elementor-element elementor-element-9f2915a exad-sticky-section-no\" data-id=\"9f2915a\" data-element_type=\"column\">\n\t\t\t<div class=\"elementor-widget-wrap\">\n\t\t\t\t\t\t\t<\/div>\n\t\t<\/div>\n\t\t\t\t<div class=\"elementor-column elementor-col-33 elementor-top-column elementor-element elementor-element-57852a9 exad-sticky-section-no\" data-id=\"57852a9\" data-element_type=\"column\">\n\t\t\t<div class=\"elementor-widget-wrap elementor-element-populated\">\n\t\t\t\t\t\t<div class=\"elementor-element elementor-element-6a4246d exad-sticky-section-no elementor-widget elementor-widget-text-editor\" data-id=\"6a4246d\" data-element_type=\"widget\" data-settings=\"{&quot;ekit_we_effect_on&quot;:&quot;none&quot;}\" data-widget_type=\"text-editor.default\">\n\t\t\t\t<div class=\"elementor-widget-container\">\n\t\t\t\t\t\t\t\t\t<div class=\"lRu31\" dir=\"ltr\"><p><span class=\"HwtZe\" lang=\"en\" style=\"font-size: 12pt; font-family: arial, helvetica, sans-serif;\"><span class=\"jCAhz ChMk0b\"><span class=\"ryNqvb\"><span class=\"HwtZe\" lang=\"fr\">Les \u00e9tudiants internationaux d&#8217;origine arabe et africaine \u00e9tudient \u00e0 l&#8217;Universit\u00e9 de Djelfa dans divers domaines d&#8217;\u00e9tudes. Leurs statistiques sont les suivantes\u00a0:<\/span><\/span><\/span><\/span><\/p><\/div><p><span style=\"font-size: 12pt;\">\u00a0<\/span><\/p>\t\t\t\t\t\t\t\t<\/div>\n\t\t\t\t<\/div>\n\t\t\t\t<div class=\"elementor-element elementor-element-5a172f2 exad-sticky-section-no elementor-widget elementor-widget-elementskit-table\" data-id=\"5a172f2\" data-element_type=\"widget\" data-settings=\"{&quot;entries_text&quot;:&quot;Show _MENU_ entries&quot;,&quot;ekit_we_effect_on&quot;:&quot;none&quot;}\" data-widget_type=\"elementskit-table.default\">\n\t\t\t\t<div class=\"elementor-widget-container\">\n\t\t\t\t\t<div class=\"ekit-wid-con\" >\n<div class=\"ekit_table display  ekit_table_data_type-custom\"\n\tdata-settings=\"{&quot;fixedHeader&quot;:true,&quot;search&quot;:false,&quot;search_placeholder&quot;:&quot;&quot;,&quot;responsive&quot;:true,&quot;pagination&quot;:false,&quot;button&quot;:false,&quot;entries&quot;:true,&quot;info&quot;:false,&quot;info_text&quot;:&quot;&quot;,&quot;entries_text&quot;:&quot;Show _MENU_ entries&quot;,&quot;ordering&quot;:true,&quot;searchIcon&quot;:&quot;&quot;,&quot;item_per_page&quot;:10,&quot;nav_style&quot;:&quot;&quot;,&quot;prev_text&quot;:&quot;&quot;,&quot;next_text&quot;:&quot;&quot;,&quot;prev_arrow&quot;:&quot;&quot;,&quot;next_arrow&quot;:&quot;&quot;}\">\n\t<table id=\"ekit-table-container-5a172f2\" class=\"display dataTable\" style=\"width:100%\"><thead><tr>\t<th class=\"elementor-repeater-item-b80ddd1\">\n\t\t<div\n\t\t\tclass=\"ekit_table_item_container  ekit-table-container- \">\n\t\t\tPays\t\t<\/div>\n\t<\/th>\n\t\t<th class=\"elementor-repeater-item-66be9a7\">\n\t\t<div\n\t\t\tclass=\"ekit_table_item_container  ekit-table-container- \">\n\t\t\tNombre d&#039;\u00e9tudiants\t\t<\/div>\n\t<\/th>\n\t <\/tr><\/thead><tbody>\t<td data-order=\"Nigeria\"\n\t\tclass=\"elementor-repeater-item-bb1c2e0 ekit_table_data_\">\n\t\t\n\t\t\t<div\n\t\t\t\tclass=\"ekit_table_body_container ekit_table_data_ ekit_body_align_center\">\n\t\t\t\t<p><span class=\"HwtZe\"><span class=\"jCAhz ChMk0b\"><span class=\"ryNqvb\">Nigeria<\/span><\/span><\/span><\/p>\t\t\t<\/div>\n\n\t\t\t\t<\/td>\n\t\t<td data-order=\"03\"\n\t\tclass=\"elementor-repeater-item-a7b4584 ekit_table_data_\">\n\t\t\n\t\t\t<div\n\t\t\t\tclass=\"ekit_table_body_container ekit_table_data_ ekit_body_align_center\">\n\t\t\t\t<p>03<\/p>\t\t\t<\/div>\n\n\t\t\t\t<\/td>\n\t<tr>\t<td data-order=\"Mauritanie\"\n\t\tclass=\"elementor-repeater-item-5479273 ekit_table_data_\">\n\t\t\n\t\t\t<div\n\t\t\t\tclass=\"ekit_table_body_container ekit_table_data_ ekit_body_align_center\">\n\t\t\t\t<p><span class=\"HwtZe\"><span class=\"jCAhz\"><span class=\"ryNqvb\">Mauritanie<\/span><\/span><\/span><\/p>\t\t\t<\/div>\n\n\t\t\t\t<\/td>\n\t\t<td data-order=\"19\"\n\t\tclass=\"elementor-repeater-item-b923b31 ekit_table_data_\">\n\t\t\n\t\t\t<div\n\t\t\t\tclass=\"ekit_table_body_container ekit_table_data_ ekit_body_align_center\">\n\t\t\t\t<p>19<\/p>\t\t\t<\/div>\n\n\t\t\t\t<\/td>\n\t<tr>\t<td data-order=\"Mali\"\n\t\tclass=\"elementor-repeater-item-7540127 ekit_table_data_\">\n\t\t\n\t\t\t<div\n\t\t\t\tclass=\"ekit_table_body_container ekit_table_data_ ekit_body_align_center\">\n\t\t\t\t<p><span class=\"HwtZe\"><span class=\"jCAhz ChMk0b\"><span class=\"ryNqvb\">Mali<\/span><\/span><\/span><\/p>\t\t\t<\/div>\n\n\t\t\t\t<\/td>\n\t\t<td data-order=\"11\"\n\t\tclass=\"elementor-repeater-item-000adc8 ekit_table_data_\">\n\t\t\n\t\t\t<div\n\t\t\t\tclass=\"ekit_table_body_container ekit_table_data_ ekit_body_align_center\">\n\t\t\t\t<p>11<\/p>\t\t\t<\/div>\n\n\t\t\t\t<\/td>\n\t<tr>\t<td data-order=\"Palestine\"\n\t\tclass=\"elementor-repeater-item-4f317f1 ekit_table_data_\">\n\t\t\n\t\t\t<div\n\t\t\t\tclass=\"ekit_table_body_container ekit_table_data_ ekit_body_align_center\">\n\t\t\t\t<p><span class=\"HwtZe\"><span class=\"jCAhz ChMk0b\"><span class=\"ryNqvb\">Palestine<\/span><\/span><\/span><\/p>\t\t\t<\/div>\n\n\t\t\t\t<\/td>\n\t\t<td data-order=\"07\"\n\t\tclass=\"elementor-repeater-item-ba84650 ekit_table_data_\">\n\t\t\n\t\t\t<div\n\t\t\t\tclass=\"ekit_table_body_container ekit_table_data_ ekit_body_align_center\">\n\t\t\t\t<p>07<\/p>\t\t\t<\/div>\n\n\t\t\t\t<\/td>\n\t<tr>\t<td data-order=\"Syrie\"\n\t\tclass=\"elementor-repeater-item-de37936 ekit_table_data_\">\n\t\t\n\t\t\t<div\n\t\t\t\tclass=\"ekit_table_body_container ekit_table_data_ ekit_body_align_center\">\n\t\t\t\t<p><span class=\"HwtZe\"><span class=\"jCAhz ChMk0b\"><span class=\"ryNqvb\">Syrie<\/span><\/span><\/span><\/p>\t\t\t<\/div>\n\n\t\t\t\t<\/td>\n\t\t<td data-order=\"02\"\n\t\tclass=\"elementor-repeater-item-0295346 ekit_table_data_\">\n\t\t\n\t\t\t<div\n\t\t\t\tclass=\"ekit_table_body_container ekit_table_data_ ekit_body_align_center\">\n\t\t\t\t<p>02<\/p>\t\t\t<\/div>\n\n\t\t\t\t<\/td>\n\t<tr>\t<td data-order=\"Zimbabwe\"\n\t\tclass=\"elementor-repeater-item-7ed41cc ekit_table_data_\">\n\t\t\n\t\t\t<div\n\t\t\t\tclass=\"ekit_table_body_container ekit_table_data_ ekit_body_align_center\">\n\t\t\t\t<p><span class=\"HwtZe\"><span class=\"jCAhz\"><span class=\"ryNqvb\">Zimbabwe<\/span><\/span><\/span><\/p>\t\t\t<\/div>\n\n\t\t\t\t<\/td>\n\t\t<td data-order=\"01\"\n\t\tclass=\"elementor-repeater-item-c4a94a8 ekit_table_data_\">\n\t\t\n\t\t\t<div\n\t\t\t\tclass=\"ekit_table_body_container ekit_table_data_ ekit_body_align_center\">\n\t\t\t\t<p>01<\/p>\t\t\t<\/div>\n\n\t\t\t\t<\/td>\n\t<tr>\t<td data-order=\"Tchad\"\n\t\tclass=\"elementor-repeater-item-15a96b0 ekit_table_data_\">\n\t\t\n\t\t\t<div\n\t\t\t\tclass=\"ekit_table_body_container ekit_table_data_ ekit_body_align_center\">\n\t\t\t\t<p><span class=\"HwtZe\"><span class=\"jCAhz ChMk0b\"><span class=\"ryNqvb\">Tchad<\/span><\/span><\/span><\/p>\t\t\t<\/div>\n\n\t\t\t\t<\/td>\n\t\t<td data-order=\"03\"\n\t\tclass=\"elementor-repeater-item-184d9a4 ekit_table_data_\">\n\t\t\n\t\t\t<div\n\t\t\t\tclass=\"ekit_table_body_container ekit_table_data_ ekit_body_align_center\">\n\t\t\t\t<p>03<\/p>\t\t\t<\/div>\n\n\t\t\t\t<\/td>\n\t<tr>\t<td data-order=\"Burundi\u00a0\u00a0\u00a0\"\n\t\tclass=\"elementor-repeater-item-e616451 ekit_table_data_\">\n\t\t\n\t\t\t<div\n\t\t\t\tclass=\"ekit_table_body_container ekit_table_data_ ekit_body_align_center\">\n\t\t\t\t<p><span class=\"HwtZe\"><span class=\"jCAhz ChMk0b\"><span class=\"ryNqvb\">Burundi<\/span><\/span><\/span><\/p><div class=\"pw1uU\">\u00a0<\/div><div class=\"pw1uU\">\u00a0<\/div><div class=\"OvtS8d\">\u00a0<\/div>\t\t\t<\/div>\n\n\t\t\t\t<\/td>\n\t\t<td data-order=\"01\"\n\t\tclass=\"elementor-repeater-item-14c78bc ekit_table_data_\">\n\t\t\n\t\t\t<div\n\t\t\t\tclass=\"ekit_table_body_container ekit_table_data_ ekit_body_align_center\">\n\t\t\t\t<p>01<\/p>\t\t\t<\/div>\n\n\t\t\t\t<\/td>\n\t<tr>\t<td data-order=\"Niger\"\n\t\tclass=\"elementor-repeater-item-9deb6c5 ekit_table_data_\">\n\t\t\n\t\t\t<div\n\t\t\t\tclass=\"ekit_table_body_container ekit_table_data_ ekit_body_align_center\">\n\t\t\t\t<p><span class=\"HwtZe\"><span class=\"jCAhz ChMk0b\"><span class=\"ryNqvb\">Niger<\/span><\/span><\/span><\/p>\t\t\t<\/div>\n\n\t\t\t\t<\/td>\n\t\t<td data-order=\"02\"\n\t\tclass=\"elementor-repeater-item-d94c16c ekit_table_data_\">\n\t\t\n\t\t\t<div\n\t\t\t\tclass=\"ekit_table_body_container ekit_table_data_ ekit_body_align_center\">\n\t\t\t\t<p>02<\/p>\t\t\t<\/div>\n\n\t\t\t\t<\/td>\n\t<tr>\t<td data-order=\"Cameroun\"\n\t\tclass=\"elementor-repeater-item-280c9ef ekit_table_data_\">\n\t\t\n\t\t\t<div\n\t\t\t\tclass=\"ekit_table_body_container ekit_table_data_ ekit_body_align_center\">\n\t\t\t\t<p><span class=\"HwtZe\"><span class=\"jCAhz ChMk0b\"><span class=\"ryNqvb\">Cameroun<\/span><\/span><\/span><\/p>\t\t\t<\/div>\n\n\t\t\t\t<\/td>\n\t\t<td data-order=\"01\"\n\t\tclass=\"elementor-repeater-item-2d2a58c ekit_table_data_\">\n\t\t\n\t\t\t<div\n\t\t\t\tclass=\"ekit_table_body_container ekit_table_data_ ekit_body_align_center\">\n\t\t\t\t<p>01<\/p>\t\t\t<\/div>\n\n\t\t\t\t<\/td>\n\t<tr>\t<td data-order=\"Gabon\"\n\t\tclass=\"elementor-repeater-item-235c41e ekit_table_data_\">\n\t\t\n\t\t\t<div\n\t\t\t\tclass=\"ekit_table_body_container ekit_table_data_ ekit_body_align_center\">\n\t\t\t\t<p><span class=\"HwtZe\"><span class=\"jCAhz\"><span class=\"ryNqvb\">Gabon<\/span><\/span><\/span><\/p>\t\t\t<\/div>\n\n\t\t\t\t<\/td>\n\t\t<td data-order=\"01\"\n\t\tclass=\"elementor-repeater-item-629b816 ekit_table_data_\">\n\t\t\n\t\t\t<div\n\t\t\t\tclass=\"ekit_table_body_container ekit_table_data_ ekit_body_align_center\">\n\t\t\t\t<p>01<\/p>\t\t\t<\/div>\n\n\t\t\t\t<\/td>\n\t<tr>\t<td data-order=\"Sahara occidental\"\n\t\tclass=\"elementor-repeater-item-806432e ekit_table_data_\">\n\t\t\n\t\t\t<div\n\t\t\t\tclass=\"ekit_table_body_container ekit_table_data_ ekit_body_align_center\">\n\t\t\t\t<div class=\"td-content-wrapper\"><div class=\"lRu31\"><span class=\"HwtZe\"><span class=\"jCAhz\"><span class=\"ryNqvb\"><span class=\"HwtZe\"><span class=\"jCAhz ChMk0b\">Sahara occidental<\/span><\/span><\/span><\/span><\/span><\/div><\/div>\t\t\t<\/div>\n\n\t\t\t\t<\/td>\n\t\t<td data-order=\"10\"\n\t\tclass=\"elementor-repeater-item-0eff01a ekit_table_data_\">\n\t\t\n\t\t\t<div\n\t\t\t\tclass=\"ekit_table_body_container ekit_table_data_ ekit_body_align_center\">\n\t\t\t\t<p>10<\/p>\t\t\t<\/div>\n\n\t\t\t\t<\/td>\n\t <\/tbody><\/table><\/div>\n\n\n\n<\/div>\t\t\t\t<\/div>\n\t\t\t\t<\/div>\n\t\t\t\t\t<\/div>\n\t\t<\/div>\n\t\t\t\t<div class=\"elementor-column elementor-col-33 elementor-top-column elementor-element elementor-element-864b149 exad-sticky-section-no\" data-id=\"864b149\" data-element_type=\"column\">\n\t\t\t<div class=\"elementor-widget-wrap elementor-element-populated\">\n\t\t\t\t\t\t<section class=\"elementor-section elementor-inner-section elementor-element elementor-element-9f31f4a elementor-section-boxed elementor-section-height-default elementor-section-height-default exad-sticky-section-no\" data-id=\"9f31f4a\" data-element_type=\"section\" data-settings=\"{&quot;background_background&quot;:&quot;classic&quot;,&quot;ekit_has_onepagescroll_dot&quot;:&quot;yes&quot;}\">\n\t\t\t\t\t\t<div class=\"elementor-container elementor-column-gap-default\">\n\t\t\t\t\t<div class=\"elementor-column elementor-col-100 elementor-inner-column elementor-element elementor-element-907cd9c exad-sticky-section-no\" data-id=\"907cd9c\" data-element_type=\"column\">\n\t\t\t<div class=\"elementor-widget-wrap elementor-element-populated\">\n\t\t\t\t\t\t<section class=\"elementor-section elementor-inner-section elementor-element elementor-element-16efc2a elementor-section-boxed elementor-section-height-default elementor-section-height-default exad-sticky-section-no\" data-id=\"16efc2a\" data-element_type=\"section\" data-settings=\"{&quot;ekit_has_onepagescroll_dot&quot;:&quot;yes&quot;}\">\n\t\t\t\t\t\t<div class=\"elementor-container elementor-column-gap-default\">\n\t\t\t\t\t<div class=\"elementor-column elementor-col-50 elementor-inner-column elementor-element elementor-element-03a8261 exad-sticky-section-no\" data-id=\"03a8261\" data-element_type=\"column\">\n\t\t\t<div class=\"elementor-widget-wrap elementor-element-populated\">\n\t\t\t\t\t\t<div class=\"elementor-element elementor-element-2660cb1 exad-sticky-section-no elementor-widget elementor-widget-text-editor\" data-id=\"2660cb1\" data-element_type=\"widget\" data-settings=\"{&quot;ekit_we_effect_on&quot;:&quot;none&quot;}\" data-widget_type=\"text-editor.default\">\n\t\t\t\t<div class=\"elementor-widget-container\">\n\t\t\t\t\t\t\t\t\t<p><span style=\"color: #ffffff;\">L\u2019\u00e9tudiant international peut postuler pour une admission dans tout \u00e9tablissement d\u2019enseignement et de formation sup\u00e9rieurs en Alg\u00e9rie, en vue de pr\u00e9parer un dipl\u00f4me de l\u2019enseignement sup\u00e9rieur dans l\u2019un des cycles <strong data-start=\"415\" data-end=\"446\">Licence, Master ou Doctorat<\/strong>.<\/span><br data-start=\"447\" data-end=\"450\" \/><span style=\"color: #ffffff;\">L\u2019\u00e9tudiant international b\u00e9n\u00e9ficie des diff\u00e9rents services universitaires, notamment <strong data-start=\"535\" data-end=\"579\">l\u2019h\u00e9bergement, le transport et la bourse<\/strong>, conform\u00e9ment \u00e0 la r\u00e9glementation en vigueur<\/span><\/p>\t\t\t\t\t\t\t\t<\/div>\n\t\t\t\t<\/div>\n\t\t\t\t\t<\/div>\n\t\t<\/div>\n\t\t\t\t<div class=\"elementor-column elementor-col-50 elementor-inner-column elementor-element elementor-element-02de4a5 exad-sticky-section-no\" data-id=\"02de4a5\" data-element_type=\"column\">\n\t\t\t<div class=\"elementor-widget-wrap\">\n\t\t\t\t\t\t\t<\/div>\n\t\t<\/div>\n\t\t\t\t\t<\/div>\n\t\t<\/section>\n\t\t\t\t\t<\/div>\n\t\t<\/div>\n\t\t\t\t\t<\/div>\n\t\t<\/section>\n\t\t\t\t<section class=\"elementor-section elementor-inner-section elementor-element elementor-element-f209cf5 elementor-section-boxed elementor-section-height-default elementor-section-height-default exad-sticky-section-no\" data-id=\"f209cf5\" data-element_type=\"section\" data-settings=\"{&quot;ekit_has_onepagescroll_dot&quot;:&quot;yes&quot;}\">\n\t\t\t\t\t\t<div class=\"elementor-container elementor-column-gap-default\">\n\t\t\t\t\t<div class=\"elementor-column elementor-col-100 elementor-inner-column elementor-element elementor-element-8d6fa48 exad-sticky-section-no\" data-id=\"8d6fa48\" data-element_type=\"column\">\n\t\t\t<div class=\"elementor-widget-wrap elementor-element-populated\">\n\t\t\t\t\t\t<div class=\"elementor-element elementor-element-f3f12b2 exad-sticky-section-no elementor-widget elementor-widget-spacer\" data-id=\"f3f12b2\" data-element_type=\"widget\" data-settings=\"{&quot;ekit_we_effect_on&quot;:&quot;none&quot;}\" data-widget_type=\"spacer.default\">\n\t\t\t\t<div class=\"elementor-widget-container\">\n\t\t\t\t\t\t\t<div class=\"elementor-spacer\">\n\t\t\t<div class=\"elementor-spacer-inner\"><\/div>\n\t\t<\/div>\n\t\t\t\t\t\t<\/div>\n\t\t\t\t<\/div>\n\t\t\t\t\t<\/div>\n\t\t<\/div>\n\t\t\t\t\t<\/div>\n\t\t<\/section>\n\t\t\t\t<section class=\"elementor-section elementor-inner-section elementor-element elementor-element-50a2b8f elementor-section-boxed elementor-section-height-default elementor-section-height-default exad-sticky-section-no\" data-id=\"50a2b8f\" data-element_type=\"section\" data-settings=\"{&quot;background_background&quot;:&quot;classic&quot;,&quot;ekit_has_onepagescroll_dot&quot;:&quot;yes&quot;}\">\n\t\t\t\t\t\t<div class=\"elementor-container elementor-column-gap-default\">\n\t\t\t\t\t<div class=\"elementor-column elementor-col-50 elementor-inner-column elementor-element elementor-element-c48bbd9 exad-sticky-section-no\" data-id=\"c48bbd9\" data-element_type=\"column\">\n\t\t\t<div class=\"elementor-widget-wrap elementor-element-populated\">\n\t\t\t\t\t\t<div class=\"elementor-element elementor-element-10f57346 elementor-widget__width-initial exad-sticky-section-no elementor-widget elementor-widget-exad-counter\" data-id=\"10f57346\" data-element_type=\"widget\" data-settings=\"{&quot;ekit_we_effect_on&quot;:&quot;none&quot;}\" data-widget_type=\"exad-counter.default\">\n\t\t\t\t<div class=\"elementor-widget-container\">\n\t\t\t\t\t\t    <div class=\"exad-counter-wrapper\">\n\t        <div class=\"exad-counter-item exad-counter-center layout-1\">\n\n\t        \t\t\t          \t<span class=\"exad-counter-icon no\">\n\t\t    \t\t\t<i aria-hidden=\"true\" class=\"fas fa-user-graduate\"><\/i>\t\t          \t<\/span>\n\t\t\t\t<div class=\"exad-counter-data no\"><span class=\"exad-counter\" data-counter-speed=\"2000\">34<\/span><\/div><div class=\"exad-counter-content\"><h4 class=\"exad-counterup-title\">\u00c9tudiant en licence<\/h4><\/div>\n\t        <\/div>\n\t    <\/div>\n\t\t\t\t\t\t<\/div>\n\t\t\t\t<\/div>\n\t\t\t\t\t<\/div>\n\t\t<\/div>\n\t\t\t\t<div class=\"elementor-column elementor-col-50 elementor-inner-column elementor-element elementor-element-015b1d3 exad-sticky-section-no\" data-id=\"015b1d3\" data-element_type=\"column\">\n\t\t\t<div class=\"elementor-widget-wrap elementor-element-populated\">\n\t\t\t\t\t\t<div class=\"elementor-element elementor-element-7da4d360 elementor-widget__width-initial exad-sticky-section-no elementor-widget elementor-widget-exad-counter\" data-id=\"7da4d360\" data-element_type=\"widget\" data-settings=\"{&quot;ekit_we_effect_on&quot;:&quot;none&quot;}\" data-widget_type=\"exad-counter.default\">\n\t\t\t\t<div class=\"elementor-widget-container\">\n\t\t\t\t\t\t    <div class=\"exad-counter-wrapper\">\n\t        <div class=\"exad-counter-item exad-counter-center layout-1\">\n\n\t        \t\t\t          \t<span class=\"exad-counter-icon no\">\n\t\t    \t\t\t<i aria-hidden=\"true\" class=\"fas fa-user-graduate\"><\/i>\t\t          \t<\/span>\n\t\t\t\t<div class=\"exad-counter-data no\"><span class=\"exad-counter\" data-counter-speed=\"2000\">27<\/span><\/div><div class=\"exad-counter-content\"><h4 class=\"exad-counterup-title\">\u00c9tudiant en master<\/h4><\/div>\n\t        <\/div>\n\t    <\/div>\n\t\t\t\t\t\t<\/div>\n\t\t\t\t<\/div>\n\t\t\t\t\t<\/div>\n\t\t<\/div>\n\t\t\t\t\t<\/div>\n\t\t<\/section>\n\t\t\t\t\t<\/div>\n\t\t<\/div>\n\t\t\t\t\t<\/div>\n\t\t<\/section>\n\t\t\t\t<section class=\"elementor-section elementor-top-section elementor-element elementor-element-9e70956 elementor-section-boxed elementor-section-height-default elementor-section-height-default exad-sticky-section-no\" data-id=\"9e70956\" data-element_type=\"section\" data-settings=\"{&quot;ekit_has_onepagescroll_dot&quot;:&quot;yes&quot;}\">\n\t\t\t\t\t\t<div class=\"elementor-container elementor-column-gap-default\">\n\t\t\t\t\t<div class=\"elementor-column elementor-col-100 elementor-top-column elementor-element elementor-element-2f569b7 exad-sticky-section-no\" data-id=\"2f569b7\" data-element_type=\"column\">\n\t\t\t<div class=\"elementor-widget-wrap elementor-element-populated\">\n\t\t\t\t\t\t<div class=\"elementor-element elementor-element-f0ee213 exad-sticky-section-no elementor-widget elementor-widget-exad-exclusive-heading\" data-id=\"f0ee213\" data-element_type=\"widget\" data-settings=\"{&quot;ekit_we_effect_on&quot;:&quot;none&quot;}\" data-widget_type=\"exad-exclusive-heading.default\">\n\t\t\t\t<div class=\"elementor-widget-container\">\n\t\t\t\t\t\r\n        <div class=\"exad-exclusive-heading\">\r\n            <div class=\"exad-exclusive-heading-wrapper exad-heading-center exad-heading-simple\">\r\n\t\t\t          \t\t\t<span class=\"exad-heading-icon\">\r\n          \t\t\t\t<i class=\"fas fa-user-graduate\"><\/i>          \t\t\t<\/span>\r\n\t\t\t\t            \t\t<a href=\"https:\/\/progres.mesrs.dz\/international-students\/\" target=\"_blank\" rel=\"noopener\">\r\n\t\t\t\t\r\n                <h4 data-content=\"Plateforme de gestion et de suivi des \u00e9tudiants \u00e9trangers\" class=\"exad-exclusive-heading-title\">\r\n\t\t\t\t\tPlateforme de gestion et de suivi des \u00e9tudiants \u00e9trangers\t\t\t\t<\/h4>\r\n\t\r\n                                    <\/a>\r\n\t\t\t\t\t\t\t\t\t<div class=\"exad-heading-separator\"><\/div>\r\n\t\t\t\t                    <p class=\"exad-exclusive-heading-description\">\r\n\t\t\t\t\t\t Une plateforme minist\u00e9rielle d\u00e9di\u00e9e \u00e0 la gestion et au suivi des \u00e9tudiants \u00e9trangers                     <\/p>\r\n\t\t\t\t\r\n            <\/div>\r\n        <\/div>\r\n\t\t\t\t\t<\/div>\n\t\t\t\t<\/div>\n\t\t\t\t\t<\/div>\n\t\t<\/div>\n\t\t\t\t\t<\/div>\n\t\t<\/section>\n\t\t\t\t<\/div>\n\t\t","protected":false},"excerpt":{"rendered":"<p>Les \u00e9tudiants internationaux d&#8217;origine arabe et africaine \u00e9tudient \u00e0 l&#8217;Universit\u00e9 de Djelfa dans divers domaines d&#8217;\u00e9tudes. Leurs statistiques sont les suivantes\u00a0: \u00a0 Pays Nombre d&#039;\u00e9tudiants Nigeria 03 Mauritanie 19 Mali 11 Palestine 07 Syrie 02 Zimbabwe 01 Tchad 03 Burundi \u00a0\u00a0\u00a0 01 Niger 02 Cameroun 01 Gabon 01 Sahara occidental 10 L\u2019\u00e9tudiant international peut postuler&#8230;<\/p>\n","protected":false},"author":2,"featured_media":18896,"parent":0,"menu_order":0,"comment_status":"closed","ping_status":"closed","template":"","meta":{"_kad_post_transparent":"","_kad_post_title":"default","_kad_post_layout":"default","_kad_post_sidebar_id":"","_kad_post_content_style":"default","_kad_post_vertical_padding":"default","_kad_post_feature":"default","_kad_post_feature_position":"","_kad_post_header":false,"_kad_post_footer":false,"footnotes":""},"class_list":["post-27722","page","type-page","status-publish","has-post-thumbnail","hentry"],"lang":"fr","translations":{"fr":27722,"en":19069,"ar":18795},"pll_sync_post":[],"_links":{"self":[{"href":"https:\/\/www.univ-djelfa.dz\/index.php?rest_route=\/wp\/v2\/pages\/27722","targetHints":{"allow":["GET"]}}],"collection":[{"href":"https:\/\/www.univ-djelfa.dz\/index.php?rest_route=\/wp\/v2\/pages"}],"about":[{"href":"https:\/\/www.univ-djelfa.dz\/index.php?rest_route=\/wp\/v2\/types\/page"}],"author":[{"embeddable":true,"href":"https:\/\/www.univ-djelfa.dz\/index.php?rest_route=\/wp\/v2\/users\/2"}],"replies":[{"embeddable":true,"href":"https:\/\/www.univ-djelfa.dz\/index.php?rest_route=%2Fwp%2Fv2%2Fcomments&post=27722"}],"version-history":[{"count":10,"href":"https:\/\/www.univ-djelfa.dz\/index.php?rest_route=\/wp\/v2\/pages\/27722\/revisions"}],"predecessor-version":[{"id":31011,"href":"https:\/\/www.univ-djelfa.dz\/index.php?rest_route=\/wp\/v2\/pages\/27722\/revisions\/31011"}],"wp:featuredmedia":[{"embeddable":true,"href":"https:\/\/www.univ-djelfa.dz\/index.php?rest_route=\/wp\/v2\/media\/18896"}],"wp:attachment":[{"href":"https:\/\/www.univ-djelfa.dz\/index.php?rest_route=%2Fwp%2Fv2%2Fmedia&parent=27722"}],"curies":[{"name":"wp","href":"https:\/\/api.w.org\/{rel}","templated":true}]}}