{"id":27767,"date":"2022-10-11T22:09:42","date_gmt":"2022-10-11T21:09:42","guid":{"rendered":"https:\/\/demo.univ-djelfa.dz\/?page_id=27767"},"modified":"2025-11-26T09:45:23","modified_gmt":"2025-11-26T08:45:23","slug":"courriel-academique","status":"publish","type":"page","link":"https:\/\/www.univ-djelfa.dz\/?page_id=27767","title":{"rendered":"Courriel acad\u00e9mique"},"content":{"rendered":"\t\t<div data-elementor-type=\"wp-page\" data-elementor-id=\"27767\" class=\"elementor elementor-27767\" data-elementor-post-type=\"page\">\n\t\t\t\t\t\t<section class=\"elementor-section elementor-top-section elementor-element elementor-element-fa36455 elementor-section-boxed elementor-section-height-default elementor-section-height-default exad-sticky-section-no\" data-id=\"fa36455\" data-element_type=\"section\" data-settings=\"{&quot;ekit_has_onepagescroll_dot&quot;:&quot;yes&quot;}\">\n\t\t\t\t\t\t<div class=\"elementor-container elementor-column-gap-default\">\n\t\t\t\t\t<div class=\"elementor-column elementor-col-100 elementor-top-column elementor-element elementor-element-da322ac exad-sticky-section-no\" data-id=\"da322ac\" data-element_type=\"column\">\n\t\t\t<div class=\"elementor-widget-wrap elementor-element-populated\">\n\t\t\t\t\t\t<div class=\"elementor-element elementor-element-8a2b6a5 exad-sticky-section-no elementor-widget elementor-widget-spacer\" data-id=\"8a2b6a5\" data-element_type=\"widget\" data-settings=\"{&quot;ekit_we_effect_on&quot;:&quot;none&quot;}\" data-widget_type=\"spacer.default\">\n\t\t\t\t<div class=\"elementor-widget-container\">\n\t\t\t\t\t\t\t<div class=\"elementor-spacer\">\n\t\t\t<div class=\"elementor-spacer-inner\"><\/div>\n\t\t<\/div>\n\t\t\t\t\t\t<\/div>\n\t\t\t\t<\/div>\n\t\t\t\t\t<\/div>\n\t\t<\/div>\n\t\t\t\t\t<\/div>\n\t\t<\/section>\n\t\t\t\t<section class=\"elementor-section elementor-top-section elementor-element elementor-element-ff4baea elementor-section-boxed elementor-section-height-default elementor-section-height-default exad-sticky-section-no\" data-id=\"ff4baea\" data-element_type=\"section\" data-settings=\"{&quot;ekit_has_onepagescroll_dot&quot;:&quot;yes&quot;}\">\n\t\t\t\t\t\t<div class=\"elementor-container elementor-column-gap-default\">\n\t\t\t\t\t<div class=\"elementor-column elementor-col-100 elementor-top-column elementor-element elementor-element-3f403e7 exad-sticky-section-no\" data-id=\"3f403e7\" data-element_type=\"column\">\n\t\t\t<div class=\"elementor-widget-wrap elementor-element-populated\">\n\t\t\t\t\t\t<div class=\"elementor-element elementor-element-47d9133 exad-sticky-section-no elementor-widget elementor-widget-text-editor\" data-id=\"47d9133\" data-element_type=\"widget\" data-settings=\"{&quot;ekit_we_effect_on&quot;:&quot;none&quot;}\" data-widget_type=\"text-editor.default\">\n\t\t\t\t<div class=\"elementor-widget-container\">\n\t\t\t\t\t\t\t\t\t<p><span style=\"font-size: 12pt; font-family: arial, helvetica, sans-serif;\">L&#8217;universit\u00e9 de Djelfa met \u00e0 la disposition de ses enseignants, chercheurs, doctorants r\u00e9guli\u00e8rement inscrits et personnels administratifs et techniques le service de messagerie \u00e9lectronique acad\u00e9mique et professionnelle de l&#8217;universit\u00e9.<\/span><\/p>\t\t\t\t\t\t\t\t<\/div>\n\t\t\t\t<\/div>\n\t\t\t\t\t<\/div>\n\t\t<\/div>\n\t\t\t\t\t<\/div>\n\t\t<\/section>\n\t\t\t\t<section class=\"elementor-section elementor-top-section elementor-element elementor-element-d8410d0 elementor-section-boxed elementor-section-height-default elementor-section-height-default exad-sticky-section-no\" data-id=\"d8410d0\" data-element_type=\"section\" data-settings=\"{&quot;ekit_has_onepagescroll_dot&quot;:&quot;yes&quot;}\">\n\t\t\t\t\t\t<div class=\"elementor-container elementor-column-gap-default\">\n\t\t\t\t\t<div class=\"elementor-column elementor-col-50 elementor-top-column elementor-element elementor-element-4134d2b exad-sticky-section-no\" data-id=\"4134d2b\" data-element_type=\"column\">\n\t\t\t<div class=\"elementor-widget-wrap elementor-element-populated\">\n\t\t\t\t\t\t<div class=\"elementor-element elementor-element-da6fe77 elementor-widget__width-initial exad-sticky-section-no elementor-widget elementor-widget-image\" data-id=\"da6fe77\" data-element_type=\"widget\" data-settings=\"{&quot;ekit_we_effect_on&quot;:&quot;none&quot;}\" data-widget_type=\"image.default\">\n\t\t\t\t<div class=\"elementor-widget-container\">\n\t\t\t\t\t\t\t\t\t\t\t\t\t\t\t<img fetchpriority=\"high\" decoding=\"async\" width=\"920\" height=\"613\" src=\"https:\/\/www.univ-djelfa.dz\/wp-content\/uploads\/b4ff84369c0810643ebcd8d5df379681-1.jpg\" class=\"attachment-large size-large wp-image-27894\" alt=\"\" srcset=\"https:\/\/www.univ-djelfa.dz\/wp-content\/uploads\/b4ff84369c0810643ebcd8d5df379681-1.jpg 920w, https:\/\/www.univ-djelfa.dz\/wp-content\/uploads\/b4ff84369c0810643ebcd8d5df379681-1-640x426.jpg 640w, https:\/\/www.univ-djelfa.dz\/wp-content\/uploads\/b4ff84369c0810643ebcd8d5df379681-1-768x512.jpg 768w\" sizes=\"(max-width: 920px) 100vw, 920px\" \/>\t\t\t\t\t\t\t\t\t\t\t\t\t\t\t<\/div>\n\t\t\t\t<\/div>\n\t\t\t\t\t<\/div>\n\t\t<\/div>\n\t\t\t\t<div class=\"elementor-column elementor-col-50 elementor-top-column elementor-element elementor-element-2d73d4f exad-sticky-section-no\" data-id=\"2d73d4f\" data-element_type=\"column\" data-settings=\"{&quot;background_background&quot;:&quot;classic&quot;}\">\n\t\t\t<div class=\"elementor-widget-wrap elementor-element-populated\">\n\t\t\t\t\t\t<div class=\"elementor-element elementor-element-57f1427 exad-sticky-section-no elementor-widget elementor-widget-elementskit-heading\" data-id=\"57f1427\" data-element_type=\"widget\" data-settings=\"{&quot;ekit_we_effect_on&quot;:&quot;none&quot;}\" data-widget_type=\"elementskit-heading.default\">\n\t\t\t\t<div class=\"elementor-widget-container\">\n\t\t\t\t\t<div class=\"ekit-wid-con\" ><div class=\"ekit-heading elementskit-section-title-wraper text_left   ekit_heading_tablet-   ekit_heading_mobile-\"><a href=\"https:\/\/accounts.google.com\/v3\/signin\/identifier?continue=https%3A%2F%2Fmail.google.com%2Fmail%2F&#038;hd=univ-djelfa.dz&#038;ifkv=AcMMx-eXdFYfeq-asioXE-CLLqU44OSDJ1IVTjsl_k2aYYZEn5NcNwqww1LM_AzttlgOpEdHOeEP7w&#038;ltmpl=default&#038;osid=1&#038;rip=1&#038;sacu=1&#038;service=mail&#038;flowName=GlifWebSignIn&#038;flowEntry=ServiceLogin&#038;dsh=S1077392790%3A1732055295649386&#038;ddm=1\"><h4 class=\"ekit-heading--title elementskit-section-title \">Serveur de messagerie GMAIL WORKSPACE<\/h4><\/a><div class=\"ekit_heading_separetor_wraper ekit_heading_elementskit-border-divider ekit-dotted\"><div class=\"elementskit-border-divider ekit-dotted\"><\/div><\/div><\/div><\/div>\t\t\t\t<\/div>\n\t\t\t\t<\/div>\n\t\t\t\t<div class=\"elementor-element elementor-element-57783ee exad-sticky-section-no elementor-widget elementor-widget-text-editor\" data-id=\"57783ee\" data-element_type=\"widget\" data-settings=\"{&quot;ekit_we_effect_on&quot;:&quot;none&quot;}\" data-widget_type=\"text-editor.default\">\n\t\t\t\t<div class=\"elementor-widget-container\">\n\t\t\t\t\t\t\t\t\t<p><span style=\"font-family: arial, helvetica, sans-serif; color: #ffffff;\">Concernant les \u00e9tudiants du <strong data-start=\"46\" data-end=\"73\">premier cycle (Licence)<\/strong> et du <strong data-start=\"80\" data-end=\"107\">deuxi\u00e8me cycle (Master)<\/strong>, ils doivent <strong data-start=\"121\" data-end=\"211\">t\u00e9l\u00e9charger et remplir le <a href=\"https:\/\/www.univ-djelfa.dz\/wp-content\/uploads\/mail-form-fr.pdf\">formulaire de demande d\u2019adresse \u00e9lectronique professionnelle<\/a><\/strong><\/span><\/p>\t\t\t\t\t\t\t\t<\/div>\n\t\t\t\t<\/div>\n\t\t\t\t<div class=\"elementor-element elementor-element-0263892 elementor-widget-divider--view-line exad-sticky-section-no elementor-widget elementor-widget-divider\" data-id=\"0263892\" data-element_type=\"widget\" data-settings=\"{&quot;ekit_we_effect_on&quot;:&quot;none&quot;}\" data-widget_type=\"divider.default\">\n\t\t\t\t<div class=\"elementor-widget-container\">\n\t\t\t\t\t\t\t<div class=\"elementor-divider\">\n\t\t\t<span class=\"elementor-divider-separator\">\n\t\t\t\t\t\t<\/span>\n\t\t<\/div>\n\t\t\t\t\t\t<\/div>\n\t\t\t\t<\/div>\n\t\t\t\t\t<\/div>\n\t\t<\/div>\n\t\t\t\t\t<\/div>\n\t\t<\/section>\n\t\t\t\t<section class=\"elementor-section elementor-top-section elementor-element elementor-element-f241f78 elementor-section-full_width elementor-section-height-default elementor-section-height-default exad-sticky-section-no\" data-id=\"f241f78\" data-element_type=\"section\" data-settings=\"{&quot;ekit_has_onepagescroll_dot&quot;:&quot;yes&quot;}\">\n\t\t\t\t\t\t<div class=\"elementor-container elementor-column-gap-default\">\n\t\t\t\t\t<div class=\"elementor-column elementor-col-100 elementor-top-column elementor-element elementor-element-bd1cda3 exad-sticky-section-no\" data-id=\"bd1cda3\" data-element_type=\"column\">\n\t\t\t<div class=\"elementor-widget-wrap\">\n\t\t\t\t\t\t\t<\/div>\n\t\t<\/div>\n\t\t\t\t\t<\/div>\n\t\t<\/section>\n\t\t\t\t<section class=\"elementor-section elementor-top-section elementor-element elementor-element-3d54af8 elementor-section-boxed elementor-section-height-default elementor-section-height-default exad-sticky-section-no\" data-id=\"3d54af8\" data-element_type=\"section\" data-settings=\"{&quot;ekit_has_onepagescroll_dot&quot;:&quot;yes&quot;}\">\n\t\t\t\t\t\t<div class=\"elementor-container elementor-column-gap-default\">\n\t\t\t\t\t<div class=\"elementor-column elementor-col-100 elementor-top-column elementor-element elementor-element-6f123e3 exad-sticky-section-no\" data-id=\"6f123e3\" data-element_type=\"column\">\n\t\t\t<div class=\"elementor-widget-wrap elementor-element-populated\">\n\t\t\t\t\t\t<div class=\"elementor-element elementor-element-e7d46ea exad-sticky-section-no elementor-widget elementor-widget-text-editor\" data-id=\"e7d46ea\" data-element_type=\"widget\" data-settings=\"{&quot;ekit_we_effect_on&quot;:&quot;none&quot;}\" data-widget_type=\"text-editor.default\">\n\t\t\t\t<div class=\"elementor-widget-container\">\n\t\t\t\t\t\t\t\t\t<p><span style=\"font-family: arial, helvetica, sans-serif;\">Pour obtenir votre adresse e-mail universitaire ou si vous rencontrez des difficult\u00e9s pour l&#8217;utiliser, veuillez cliquer sur le lien suivant : <a href=\"http:\/\/services.univ-djelfa.dz\/?page_id=51\">services.univ-djelfa.dz<\/a><\/span><\/p>\t\t\t\t\t\t\t\t<\/div>\n\t\t\t\t<\/div>\n\t\t\t\t\t<\/div>\n\t\t<\/div>\n\t\t\t\t\t<\/div>\n\t\t<\/section>\n\t\t\t\t<section class=\"elementor-section elementor-top-section elementor-element elementor-element-9281176 elementor-section-boxed elementor-section-height-default elementor-section-height-default exad-sticky-section-no\" data-id=\"9281176\" data-element_type=\"section\" data-settings=\"{&quot;background_background&quot;:&quot;classic&quot;,&quot;ekit_has_onepagescroll_dot&quot;:&quot;yes&quot;}\">\n\t\t\t\t\t\t<div class=\"elementor-container elementor-column-gap-default\">\n\t\t\t\t\t<div class=\"elementor-column elementor-col-100 elementor-top-column elementor-element elementor-element-0edd5a3 exad-sticky-section-no\" data-id=\"0edd5a3\" data-element_type=\"column\">\n\t\t\t<div class=\"elementor-widget-wrap elementor-element-populated\">\n\t\t\t\t\t\t<div class=\"elementor-element elementor-element-64d3a4b exad-sticky-section-no elementor-widget elementor-widget-text-editor\" data-id=\"64d3a4b\" data-element_type=\"widget\" data-settings=\"{&quot;ekit_we_effect_on&quot;:&quot;none&quot;}\" data-widget_type=\"text-editor.default\">\n\t\t\t\t<div class=\"elementor-widget-container\">\n\t\t\t\t\t\t\t\t\t<p><span style=\"font-family: arial, helvetica, sans-serif; color: #ec8c05;\"><strong>Important<\/strong> : l&#8217;utilisation du courrier universitaire est soumise au <a style=\"color: #ec8c05;\" href=\"https:\/\/www.univ-djelfa.dz\/charte\/\">r\u00e8glement int\u00e9rieur relatif \u00e0 la bonne utilisation des moyens informatiques et des r\u00e9seaux.<\/a><\/span><\/p>\t\t\t\t\t\t\t\t<\/div>\n\t\t\t\t<\/div>\n\t\t\t\t\t<\/div>\n\t\t<\/div>\n\t\t\t\t\t<\/div>\n\t\t<\/section>\n\t\t\t\t<section class=\"elementor-section elementor-top-section elementor-element elementor-element-15c0645 elementor-section-boxed elementor-section-height-default elementor-section-height-default exad-sticky-section-no\" data-id=\"15c0645\" data-element_type=\"section\" data-settings=\"{&quot;ekit_has_onepagescroll_dot&quot;:&quot;yes&quot;}\">\n\t\t\t\t\t\t<div class=\"elementor-container elementor-column-gap-default\">\n\t\t\t\t\t<div class=\"elementor-column elementor-col-100 elementor-top-column elementor-element elementor-element-79bd9d5 exad-sticky-section-no\" data-id=\"79bd9d5\" data-element_type=\"column\">\n\t\t\t<div class=\"elementor-widget-wrap elementor-element-populated\">\n\t\t\t\t\t\t<div class=\"elementor-element elementor-element-6a2565b exad-sticky-section-no elementor-widget elementor-widget-spacer\" data-id=\"6a2565b\" data-element_type=\"widget\" data-settings=\"{&quot;ekit_we_effect_on&quot;:&quot;none&quot;}\" data-widget_type=\"spacer.default\">\n\t\t\t\t<div class=\"elementor-widget-container\">\n\t\t\t\t\t\t\t<div class=\"elementor-spacer\">\n\t\t\t<div class=\"elementor-spacer-inner\"><\/div>\n\t\t<\/div>\n\t\t\t\t\t\t<\/div>\n\t\t\t\t<\/div>\n\t\t\t\t\t<\/div>\n\t\t<\/div>\n\t\t\t\t\t<\/div>\n\t\t<\/section>\n\t\t\t\t<\/div>\n\t\t","protected":false},"excerpt":{"rendered":"<p>L&#8217;universit\u00e9 de Djelfa met \u00e0 la disposition de ses enseignants, chercheurs, doctorants r\u00e9guli\u00e8rement inscrits et personnels administratifs et techniques le service de messagerie \u00e9lectronique acad\u00e9mique et professionnelle de l&#8217;universit\u00e9. Serveur de messagerie GMAIL WORKSPACE Concernant les \u00e9tudiants du premier cycle (Licence) et du deuxi\u00e8me cycle (Master), ils doivent t\u00e9l\u00e9charger et remplir le formulaire de demande&#8230;<\/p>\n","protected":false},"author":2,"featured_media":32397,"parent":0,"menu_order":0,"comment_status":"closed","ping_status":"closed","template":"","meta":{"_kad_post_transparent":"","_kad_post_title":"default","_kad_post_layout":"fullwidth","_kad_post_sidebar_id":"","_kad_post_content_style":"default","_kad_post_vertical_padding":"default","_kad_post_feature":"default","_kad_post_feature_position":"","_kad_post_header":false,"_kad_post_footer":false,"footnotes":""},"class_list":["post-27767","page","type-page","status-publish","has-post-thumbnail","hentry"],"lang":"fr","translations":{"fr":27767,"en":14366,"ar":7401},"pll_sync_post":[],"_links":{"self":[{"href":"https:\/\/www.univ-djelfa.dz\/index.php?rest_route=\/wp\/v2\/pages\/27767","targetHints":{"allow":["GET"]}}],"collection":[{"href":"https:\/\/www.univ-djelfa.dz\/index.php?rest_route=\/wp\/v2\/pages"}],"about":[{"href":"https:\/\/www.univ-djelfa.dz\/index.php?rest_route=\/wp\/v2\/types\/page"}],"author":[{"embeddable":true,"href":"https:\/\/www.univ-djelfa.dz\/index.php?rest_route=\/wp\/v2\/users\/2"}],"replies":[{"embeddable":true,"href":"https:\/\/www.univ-djelfa.dz\/index.php?rest_route=%2Fwp%2Fv2%2Fcomments&post=27767"}],"version-history":[{"count":10,"href":"https:\/\/www.univ-djelfa.dz\/index.php?rest_route=\/wp\/v2\/pages\/27767\/revisions"}],"predecessor-version":[{"id":32406,"href":"https:\/\/www.univ-djelfa.dz\/index.php?rest_route=\/wp\/v2\/pages\/27767\/revisions\/32406"}],"wp:featuredmedia":[{"embeddable":true,"href":"https:\/\/www.univ-djelfa.dz\/index.php?rest_route=\/wp\/v2\/media\/32397"}],"wp:attachment":[{"href":"https:\/\/www.univ-djelfa.dz\/index.php?rest_route=%2Fwp%2Fv2%2Fmedia&parent=27767"}],"curies":[{"name":"wp","href":"https:\/\/api.w.org\/{rel}","templated":true}]}}