{"id":27808,"date":"2024-11-18T00:45:25","date_gmt":"2024-11-17T23:45:25","guid":{"rendered":"https:\/\/demo.univ-djelfa.dz\/?page_id=27808"},"modified":"2025-10-31T18:29:38","modified_gmt":"2025-10-31T17:29:38","slug":"elementor-27808","status":"publish","type":"page","link":"https:\/\/www.univ-djelfa.dz\/?page_id=27808","title":{"rendered":"Alumni"},"content":{"rendered":"\t\t<div data-elementor-type=\"wp-page\" data-elementor-id=\"27808\" class=\"elementor elementor-27808\" data-elementor-post-type=\"page\">\n\t\t\t\t\t\t<section class=\"elementor-section elementor-top-section elementor-element elementor-element-95feaa5 elementor-section-boxed elementor-section-height-default elementor-section-height-default exad-sticky-section-no\" data-id=\"95feaa5\" data-element_type=\"section\" data-settings=\"{&quot;ekit_has_onepagescroll_dot&quot;:&quot;yes&quot;}\">\n\t\t\t\t\t\t<div class=\"elementor-container elementor-column-gap-default\">\n\t\t\t\t\t<div class=\"elementor-column elementor-col-100 elementor-top-column elementor-element elementor-element-bdd89a2 exad-sticky-section-no\" data-id=\"bdd89a2\" data-element_type=\"column\">\n\t\t\t<div class=\"elementor-widget-wrap elementor-element-populated\">\n\t\t\t\t\t\t<div class=\"elementor-element elementor-element-2e60114 exad-sticky-section-no elementor-widget elementor-widget-spacer\" data-id=\"2e60114\" data-element_type=\"widget\" data-settings=\"{&quot;ekit_we_effect_on&quot;:&quot;none&quot;}\" data-widget_type=\"spacer.default\">\n\t\t\t\t<div class=\"elementor-widget-container\">\n\t\t\t\t\t\t\t<div class=\"elementor-spacer\">\n\t\t\t<div class=\"elementor-spacer-inner\"><\/div>\n\t\t<\/div>\n\t\t\t\t\t\t<\/div>\n\t\t\t\t<\/div>\n\t\t\t\t\t<\/div>\n\t\t<\/div>\n\t\t\t\t\t<\/div>\n\t\t<\/section>\n\t\t\t\t<section class=\"elementor-section elementor-top-section elementor-element elementor-element-9ca7717 elementor-section-boxed elementor-section-height-default elementor-section-height-default exad-sticky-section-no\" data-id=\"9ca7717\" data-element_type=\"section\" data-settings=\"{&quot;background_background&quot;:&quot;classic&quot;,&quot;ekit_has_onepagescroll_dot&quot;:&quot;yes&quot;}\">\n\t\t\t\t\t\t<div class=\"elementor-container elementor-column-gap-default\">\n\t\t\t\t\t<div class=\"elementor-column elementor-col-100 elementor-top-column elementor-element elementor-element-377e4af exad-sticky-section-no\" data-id=\"377e4af\" data-element_type=\"column\">\n\t\t\t<div class=\"elementor-widget-wrap elementor-element-populated\">\n\t\t\t\t\t\t<div class=\"elementor-element elementor-element-537805b exad-sticky-section-no elementor-widget elementor-widget-elementskit-fancy-animated-text\" data-id=\"537805b\" data-element_type=\"widget\" data-settings=\"{&quot;ekit_we_effect_on&quot;:&quot;none&quot;}\" data-widget_type=\"elementskit-fancy-animated-text.default\">\n\t\t\t\t<div class=\"elementor-widget-container\">\n\t\t\t\t\t<div class=\"ekit-wid-con\" >            <h1 class=\"ekit-fancy-text color-effect\" data-id=\"537805b\" data-animation-settings=\"{&quot;animationStyle&quot;:&quot;animated&quot;,&quot;animationDelay&quot;:2500,&quot;loadingBar&quot;:3800,&quot;lettersDelay&quot;:50,&quot;typeLettersDelay&quot;:150,&quot;duration&quot;:500,&quot;revealDuration&quot;:600,&quot;revealAnimationDelay&quot;:1500}\">\n                \t\t\t\t<span class=\"ekit-fancy-text-lists \">\n\t\t\t\t\t\t\t\t\t\t<b class=\"ekit-fancy-text elementor-repeater-item-aabb643 is-visible\">Partagez <\/b>\n\t\t\t\t\t\t\t\t\t\t<b class=\"ekit-fancy-text elementor-repeater-item-30fc3ab \">Partagez votre histoire <\/b>\n\t\t\t\t\t\t\t\t\t\t<b class=\"ekit-fancy-text elementor-repeater-item-e7d0663 \">de r\u00e9ussite<\/b>\n\t\t\t\t\t\t\t\t\t<\/span>\n\t\t\t            <\/h1>\n        <\/div>\t\t\t\t<\/div>\n\t\t\t\t<\/div>\n\t\t\t\t\t<\/div>\n\t\t<\/div>\n\t\t\t\t\t<\/div>\n\t\t<\/section>\n\t\t\t\t<section class=\"elementor-section elementor-top-section elementor-element elementor-element-fa25982 elementor-section-boxed elementor-section-height-default elementor-section-height-default exad-sticky-section-no\" data-id=\"fa25982\" data-element_type=\"section\" data-settings=\"{&quot;ekit_has_onepagescroll_dot&quot;:&quot;yes&quot;}\">\n\t\t\t\t\t\t<div class=\"elementor-container elementor-column-gap-default\">\n\t\t\t\t\t<div class=\"elementor-column elementor-col-50 elementor-top-column elementor-element elementor-element-09f21b3 exad-sticky-section-no\" data-id=\"09f21b3\" data-element_type=\"column\" data-settings=\"{&quot;background_background&quot;:&quot;classic&quot;}\">\n\t\t\t<div class=\"elementor-widget-wrap\">\n\t\t\t\t\t\t\t<\/div>\n\t\t<\/div>\n\t\t\t\t<div class=\"elementor-column elementor-col-50 elementor-top-column elementor-element elementor-element-36e24da exad-sticky-section-no\" data-id=\"36e24da\" data-element_type=\"column\" data-settings=\"{&quot;background_background&quot;:&quot;classic&quot;}\">\n\t\t\t<div class=\"elementor-widget-wrap elementor-element-populated\">\n\t\t\t\t\t\t<div class=\"elementor-element elementor-element-93e92b1 elementor-widget__width-initial e-transform exad-sticky-section-no elementor-widget elementor-widget-text-editor\" data-id=\"93e92b1\" data-element_type=\"widget\" data-settings=\"{&quot;_transform_translateX_effect&quot;:{&quot;unit&quot;:&quot;px&quot;,&quot;size&quot;:-80,&quot;sizes&quot;:[]},&quot;_transform_translateY_effect&quot;:{&quot;unit&quot;:&quot;px&quot;,&quot;size&quot;:10,&quot;sizes&quot;:[]},&quot;ekit_we_effect_on&quot;:&quot;none&quot;,&quot;_transform_translateX_effect_tablet&quot;:{&quot;unit&quot;:&quot;px&quot;,&quot;size&quot;:&quot;&quot;,&quot;sizes&quot;:[]},&quot;_transform_translateX_effect_mobile&quot;:{&quot;unit&quot;:&quot;px&quot;,&quot;size&quot;:&quot;&quot;,&quot;sizes&quot;:[]},&quot;_transform_translateY_effect_tablet&quot;:{&quot;unit&quot;:&quot;px&quot;,&quot;size&quot;:&quot;&quot;,&quot;sizes&quot;:[]},&quot;_transform_translateY_effect_mobile&quot;:{&quot;unit&quot;:&quot;px&quot;,&quot;size&quot;:&quot;&quot;,&quot;sizes&quot;:[]}}\" data-widget_type=\"text-editor.default\">\n\t\t\t\t<div class=\"elementor-widget-container\">\n\t\t\t\t\t\t\t\t\t<p><span class=\"HwtZe\" lang=\"fr\" style=\"color: #ffffff;\"><span class=\"jCAhz ChMk0b\"><span class=\"ryNqvb\">Depuis sa cr\u00e9ation en 1990, l&#8217;Universit\u00e9 de Djelfa a form\u00e9 des milliers de dipl\u00f4m\u00e9s dans diverses disciplines.<\/span><\/span><\/span><\/p><p><span class=\"HwtZe\" lang=\"fr\" style=\"color: #ffffff;\"><span class=\"jCAhz ChMk0b\"><span class=\"ryNqvb\"> Ces dipl\u00f4m\u00e9s continuent de travailler dans divers secteurs, tant au niveau national qu&#8217;international.<\/span><\/span><span class=\"jCAhz ChMk0b\"><span class=\"ryNqvb\"> Afin de rester en contact avec ses anciens dipl\u00f4m\u00e9s, <\/span><\/span><\/span><\/p><p><span class=\"HwtZe\" lang=\"fr\" style=\"color: #ffffff;\"><span class=\"jCAhz ChMk0b\"><span class=\"ryNqvb\">l&#8217;Universit\u00e9 de Djelfa a cr\u00e9\u00e9 cette plateforme pour cr\u00e9er un r\u00e9seau d&#8217;anciens \u00e9tudiants.<\/span><\/span><span class=\"jCAhz ChMk0b\"><span class=\"ryNqvb\"> L&#8217;objectif de cette plateforme est de cr\u00e9er une communaut\u00e9 d&#8217;anciens \u00e9tudiants, de partager leurs exp\u00e9riences et d&#8217;aider les nouveaux dipl\u00f4m\u00e9s \u00e0 trouver un emploi.<\/span><\/span><\/span><\/p>\t\t\t\t\t\t\t\t<\/div>\n\t\t\t\t<\/div>\n\t\t\t\t\t<\/div>\n\t\t<\/div>\n\t\t\t\t\t<\/div>\n\t\t<\/section>\n\t\t\t\t<section class=\"elementor-section elementor-top-section elementor-element elementor-element-ab9e0c5 elementor-section-boxed elementor-section-height-default elementor-section-height-default exad-sticky-section-no\" data-id=\"ab9e0c5\" data-element_type=\"section\" data-settings=\"{&quot;ekit_has_onepagescroll_dot&quot;:&quot;yes&quot;}\">\n\t\t\t\t\t\t<div class=\"elementor-container elementor-column-gap-default\">\n\t\t\t\t\t<div class=\"elementor-column elementor-col-100 elementor-top-column elementor-element elementor-element-da0277a exad-sticky-section-no\" data-id=\"da0277a\" data-element_type=\"column\">\n\t\t\t<div class=\"elementor-widget-wrap elementor-element-populated\">\n\t\t\t\t\t\t<div class=\"elementor-element elementor-element-5f6f7b3 exad-sticky-section-no elementor-widget elementor-widget-spacer\" data-id=\"5f6f7b3\" data-element_type=\"widget\" data-settings=\"{&quot;ekit_we_effect_on&quot;:&quot;none&quot;}\" data-widget_type=\"spacer.default\">\n\t\t\t\t<div class=\"elementor-widget-container\">\n\t\t\t\t\t\t\t<div class=\"elementor-spacer\">\n\t\t\t<div class=\"elementor-spacer-inner\"><\/div>\n\t\t<\/div>\n\t\t\t\t\t\t<\/div>\n\t\t\t\t<\/div>\n\t\t\t\t\t<\/div>\n\t\t<\/div>\n\t\t\t\t\t<\/div>\n\t\t<\/section>\n\t\t\t\t<section class=\"elementor-section elementor-top-section elementor-element elementor-element-fe5d616 elementor-section-boxed elementor-section-height-default elementor-section-height-default exad-sticky-section-no\" data-id=\"fe5d616\" data-element_type=\"section\" data-settings=\"{&quot;background_background&quot;:&quot;classic&quot;,&quot;ekit_has_onepagescroll_dot&quot;:&quot;yes&quot;}\">\n\t\t\t\t\t\t<div class=\"elementor-container elementor-column-gap-default\">\n\t\t\t\t\t<div class=\"elementor-column elementor-col-100 elementor-top-column elementor-element elementor-element-70d644d exad-sticky-section-no\" data-id=\"70d644d\" data-element_type=\"column\">\n\t\t\t<div class=\"elementor-widget-wrap elementor-element-populated\">\n\t\t\t\t\t\t<div class=\"elementor-element elementor-element-80c3467 exad-sticky-section-no elementor-widget elementor-widget-heading\" data-id=\"80c3467\" data-element_type=\"widget\" data-settings=\"{&quot;ekit_we_effect_on&quot;:&quot;none&quot;}\" data-widget_type=\"heading.default\">\n\t\t\t\t<div class=\"elementor-widget-container\">\n\t\t\t\t\t<h2 class=\"elementor-heading-title elementor-size-default\">Rejoignez le r\u00e9seau des anciens \u00e9tudiants de l'Universit\u00e9 de Djelfa<\/h2>\t\t\t\t<\/div>\n\t\t\t\t<\/div>\n\t\t\t\t\t<\/div>\n\t\t<\/div>\n\t\t\t\t\t<\/div>\n\t\t<\/section>\n\t\t\t\t<section class=\"elementor-section elementor-top-section elementor-element elementor-element-04a40b2 elementor-section-boxed elementor-section-height-default elementor-section-height-default exad-sticky-section-no\" data-id=\"04a40b2\" data-element_type=\"section\" data-settings=\"{&quot;ekit_has_onepagescroll_dot&quot;:&quot;yes&quot;}\">\n\t\t\t\t\t\t<div class=\"elementor-container elementor-column-gap-default\">\n\t\t\t\t\t<div class=\"elementor-column elementor-col-100 elementor-top-column elementor-element elementor-element-27367b3 exad-sticky-section-no\" data-id=\"27367b3\" data-element_type=\"column\">\n\t\t\t<div class=\"elementor-widget-wrap elementor-element-populated\">\n\t\t\t\t\t\t<section class=\"elementor-section elementor-inner-section elementor-element elementor-element-3f90762 elementor-section-boxed elementor-section-height-default elementor-section-height-default exad-sticky-section-no\" data-id=\"3f90762\" data-element_type=\"section\" data-settings=\"{&quot;ekit_has_onepagescroll_dot&quot;:&quot;yes&quot;}\">\n\t\t\t\t\t\t<div class=\"elementor-container elementor-column-gap-default\">\n\t\t\t\t\t<div class=\"elementor-column elementor-col-100 elementor-inner-column elementor-element elementor-element-2653d66 exad-sticky-section-no\" data-id=\"2653d66\" data-element_type=\"column\">\n\t\t\t<div class=\"elementor-widget-wrap elementor-element-populated\">\n\t\t\t\t\t\t<div class=\"elementor-element elementor-element-c53f483 exad-sticky-section-no elementor-widget elementor-widget-shortcode\" data-id=\"c53f483\" data-element_type=\"widget\" data-settings=\"{&quot;ekit_we_effect_on&quot;:&quot;none&quot;}\" data-widget_type=\"shortcode.default\">\n\t\t\t\t<div class=\"elementor-widget-container\">\n\t\t\t\t\t\t\t<div class=\"elementor-shortcode\">[quform id=\"4\" name=\"Alumni\"]<\/div>\n\t\t\t\t\t\t<\/div>\n\t\t\t\t<\/div>\n\t\t\t\t\t<\/div>\n\t\t<\/div>\n\t\t\t\t\t<\/div>\n\t\t<\/section>\n\t\t\t\t\t<\/div>\n\t\t<\/div>\n\t\t\t\t\t<\/div>\n\t\t<\/section>\n\t\t\t\t<\/div>\n\t\t","protected":false},"excerpt":{"rendered":"<p>Partagez Partagez votre histoire de r\u00e9ussite Depuis sa cr\u00e9ation en 1990, l&#8217;Universit\u00e9 de Djelfa a form\u00e9 des milliers de dipl\u00f4m\u00e9s dans diverses disciplines. Ces dipl\u00f4m\u00e9s continuent de travailler dans divers secteurs, tant au niveau national qu&#8217;international. Afin de rester en contact avec ses anciens dipl\u00f4m\u00e9s, l&#8217;Universit\u00e9 de Djelfa a cr\u00e9\u00e9 cette plateforme pour cr\u00e9er un&#8230;<\/p>\n","protected":false},"author":2,"featured_media":19858,"parent":0,"menu_order":0,"comment_status":"closed","ping_status":"closed","template":"","meta":{"_kad_post_transparent":"","_kad_post_title":"default","_kad_post_layout":"default","_kad_post_sidebar_id":"","_kad_post_content_style":"default","_kad_post_vertical_padding":"default","_kad_post_feature":"default","_kad_post_feature_position":"","_kad_post_header":false,"_kad_post_footer":false,"footnotes":""},"class_list":["post-27808","page","type-page","status-publish","has-post-thumbnail","hentry"],"lang":"fr","translations":{"fr":27808,"en":19860,"ar":18903},"pll_sync_post":[],"_links":{"self":[{"href":"https:\/\/www.univ-djelfa.dz\/index.php?rest_route=\/wp\/v2\/pages\/27808","targetHints":{"allow":["GET"]}}],"collection":[{"href":"https:\/\/www.univ-djelfa.dz\/index.php?rest_route=\/wp\/v2\/pages"}],"about":[{"href":"https:\/\/www.univ-djelfa.dz\/index.php?rest_route=\/wp\/v2\/types\/page"}],"author":[{"embeddable":true,"href":"https:\/\/www.univ-djelfa.dz\/index.php?rest_route=\/wp\/v2\/users\/2"}],"replies":[{"embeddable":true,"href":"https:\/\/www.univ-djelfa.dz\/index.php?rest_route=%2Fwp%2Fv2%2Fcomments&post=27808"}],"version-history":[{"count":1,"href":"https:\/\/www.univ-djelfa.dz\/index.php?rest_route=\/wp\/v2\/pages\/27808\/revisions"}],"predecessor-version":[{"id":29612,"href":"https:\/\/www.univ-djelfa.dz\/index.php?rest_route=\/wp\/v2\/pages\/27808\/revisions\/29612"}],"wp:featuredmedia":[{"embeddable":true,"href":"https:\/\/www.univ-djelfa.dz\/index.php?rest_route=\/wp\/v2\/media\/19858"}],"wp:attachment":[{"href":"https:\/\/www.univ-djelfa.dz\/index.php?rest_route=%2Fwp%2Fv2%2Fmedia&parent=27808"}],"curies":[{"name":"wp","href":"https:\/\/api.w.org\/{rel}","templated":true}]}}