{"id":28858,"date":"2024-11-04T13:04:12","date_gmt":"2024-11-04T12:04:12","guid":{"rendered":"https:\/\/demo.univ-djelfa.dz\/?page_id=28858"},"modified":"2026-01-27T12:31:07","modified_gmt":"2026-01-27T11:31:07","slug":"organigramme-de-luniversite","status":"publish","type":"page","link":"https:\/\/www.univ-djelfa.dz\/?page_id=28858","title":{"rendered":"Organigramme de l\u2019Universit\u00e9"},"content":{"rendered":"\t\t<div data-elementor-type=\"wp-page\" data-elementor-id=\"28858\" class=\"elementor elementor-28858\" data-elementor-post-type=\"page\">\n\t\t\t\t\t\t<section class=\"elementor-section elementor-top-section elementor-element elementor-element-d17493e elementor-section-boxed elementor-section-height-default elementor-section-height-default exad-sticky-section-no\" data-id=\"d17493e\" data-element_type=\"section\" data-settings=\"{&quot;ekit_has_onepagescroll_dot&quot;:&quot;yes&quot;}\">\n\t\t\t\t\t\t<div class=\"elementor-container elementor-column-gap-default\">\n\t\t\t\t\t<div class=\"elementor-column elementor-col-100 elementor-top-column elementor-element elementor-element-94cca83 exad-sticky-section-no\" data-id=\"94cca83\" data-element_type=\"column\">\n\t\t\t<div class=\"elementor-widget-wrap elementor-element-populated\">\n\t\t\t\t\t\t<div class=\"elementor-element elementor-element-5cee845 exad-sticky-section-no elementor-widget elementor-widget-elementskit-hotspot\" data-id=\"5cee845\" data-element_type=\"widget\" data-settings=\"{&quot;ekit_we_effect_on&quot;:&quot;none&quot;}\" data-widget_type=\"elementskit-hotspot.default\">\n\t\t\t\t<div class=\"elementor-widget-container\">\n\t\t\t\t\t<div class=\"ekit-wid-con\" >\n        <div class=\"ekit-location-groups\" data-breakpoints=\"{&quot;mobile&quot;:767,&quot;tablet&quot;:1024}\">\n            <div class=\"ekit-map-image text-center\">\n                <img fetchpriority=\"high\" decoding=\"async\" width=\"1200\" height=\"1512\" src=\"https:\/\/www.univ-djelfa.dz\/wp-content\/uploads\/FR-ORG.jpg\" class=\"attachment-full size-full\" alt=\"\" srcset=\"https:\/\/www.univ-djelfa.dz\/wp-content\/uploads\/FR-ORG.jpg 1200w, https:\/\/www.univ-djelfa.dz\/wp-content\/uploads\/FR-ORG-640x806.jpg 640w, https:\/\/www.univ-djelfa.dz\/wp-content\/uploads\/FR-ORG-768x968.jpg 768w\" sizes=\"(max-width: 1200px) 100vw, 1200px\" \/>            <\/div>\n            <div class=\"ekit-location-wraper clearfix\">\n                \n<div class=\"ekit-location elementor-repeater-item-01eb2f4 ekit-location-on-hover   \">\n    <div class=\"ekit-location_outer\">\n        <div class=\"media ekit-flex-column ekit-location_inner\">\n            \n                            <div class='media-body'>\n                                        <h3 class=\"ekit-hotspot-title\">Contact<\/h3>\n                                                            <div class=\"ekit-location-des\">\n                        <p><strong>Vice Recteur :<\/strong> Pr Ali Habita<\/p><p><strong>Email <\/strong>:a.habita@univ-djelfa.dz<\/p>                    <\/div>\n                                    <\/div>\n                    <\/div>\n    <\/div>\n    <div class=\"ekit-location_indicator\">\n                            <div class=\"ekit_hotspot_arrow\"><\/div>\n            <\/div>\n<\/div>\n<div class=\"ekit-location elementor-repeater-item-f4fba80 ekit-location-on-hover   \">\n    <div class=\"ekit-location_outer\">\n        <div class=\"media ekit-flex-column ekit-location_inner\">\n            \n                            <div class='media-body'>\n                                        <h3 class=\"ekit-hotspot-title\">Contact<\/h3>\n                                                            <div class=\"ekit-location-des\">\n                        <p><strong>Conservateur de biblioth\u00e8que:<\/strong> M. DIF Mohamed<\/p><p><strong>Email <\/strong>:<a href=\"mailto:a.dif@univ-djelfa.dz\">a.dif@univ-djelfa.dz<\/a><\/p>                    <\/div>\n                                    <\/div>\n                    <\/div>\n    <\/div>\n    <div class=\"ekit-location_indicator\">\n                            <div class=\"ekit_hotspot_arrow\"><\/div>\n            <\/div>\n<\/div>\n<div class=\"ekit-location elementor-repeater-item-a5e7ee2 ekit-location-on-hover   \">\n    <div class=\"ekit-location_outer\">\n        <div class=\"media ekit-flex-column ekit-location_inner\">\n            \n                            <div class='media-body'>\n                                        <h3 class=\"ekit-hotspot-title\">Contact<\/h3>\n                                                            <div class=\"ekit-location-des\">\n                        <p>Secr\u00e9taire g\u00e9n\u00e9ral : M\u00a0 AMRI Mohamed<\/p><p><strong>Email <\/strong>:<\/p>                    <\/div>\n                                    <\/div>\n                    <\/div>\n    <\/div>\n    <div class=\"ekit-location_indicator\">\n                            <div class=\"ekit_hotspot_arrow\"><\/div>\n            <\/div>\n<\/div>\n<div class=\"ekit-location elementor-repeater-item-7ea8ac7 ekit-location-on-hover   \">\n    <div class=\"ekit-location_outer\">\n        <div class=\"media ekit-flex-column ekit-location_inner\">\n            \n                            <div class='media-body'>\n                                        <h3 class=\"ekit-hotspot-title\">Contact<\/h3>\n                                                            <div class=\"ekit-location-des\">\n                        <p><strong>Vice Recteur <\/strong>: Pr Mazouz Lakhdar<\/p><p class=\"eael-team-text\"><strong>Email <\/strong>:<a href=\"mailto:l.mazouz@univ-djelfa.dz\">l.mazouz@univ-djelfa.dz<\/a><\/p>                    <\/div>\n                                    <\/div>\n                    <\/div>\n    <\/div>\n    <div class=\"ekit-location_indicator\">\n                            <div class=\"ekit_hotspot_arrow\"><\/div>\n            <\/div>\n<\/div>\n<div class=\"ekit-location elementor-repeater-item-ae7fb40 ekit-location-on-hover   \">\n    <div class=\"ekit-location_outer\">\n        <div class=\"media ekit-flex-column ekit-location_inner\">\n            \n                            <div class='media-body'>\n                                        <h3 class=\"ekit-hotspot-title\">Contact<\/h3>\n                                                            <div class=\"ekit-location-des\">\n                        <p><strong>Vice Recteur:<\/strong> Pr MOKHTARI Mustapha<\/p><p><strong>Email : <\/strong><a href=\"mailto:m.mokhtari@univ-djelfa.dz\">m.mokhtari@univ-djelfa.dz<\/a><strong><br \/><\/strong><\/p>                    <\/div>\n                                    <\/div>\n                    <\/div>\n    <\/div>\n    <div class=\"ekit-location_indicator\">\n                            <div class=\"ekit_hotspot_arrow\"><\/div>\n            <\/div>\n<\/div>\n<div class=\"ekit-location elementor-repeater-item-e8b20c5 ekit-location-on-hover   \">\n    <div class=\"ekit-location_outer\">\n        <div class=\"media ekit-flex-column ekit-location_inner\">\n            \n                            <div class='media-body'>\n                                        <h3 class=\"ekit-hotspot-title\">Contact<\/h3>\n                                                            <div class=\"ekit-location-des\">\n                        <p><strong>Vice Rector <\/strong>: Pr FODILI Mokhtar<\/p><p><strong>Email :<\/strong> <a href=\"mailto:vr.aprsrec@univ-djelfa.dz\">vr.aprsrec@univ-djelfa.dz<\/a><\/p>                    <\/div>\n                                    <\/div>\n                    <\/div>\n    <\/div>\n    <div class=\"ekit-location_indicator\">\n                            <div class=\"ekit_hotspot_arrow\"><\/div>\n            <\/div>\n<\/div>\n<div class=\"ekit-location elementor-repeater-item-e1dab9f ekit-location-on-hover   \">\n    <div class=\"ekit-location_outer\">\n        <div class=\"media ekit-flex-column ekit-location_inner\">\n            \n                            <div class='media-body'>\n                                        <h3 class=\"ekit-hotspot-title\">Contact <\/h3>\n                                                            <div class=\"ekit-location-des\">\n                        <p><strong>Responsable du centre :<\/strong> M. KARBOUA Messaoud<\/p><p><strong>Email <\/strong>:m.karboua@univ-djelfa.dz<\/p>                    <\/div>\n                                    <\/div>\n                    <\/div>\n    <\/div>\n    <div class=\"ekit-location_indicator\">\n                            <div class=\"ekit_hotspot_arrow\"><\/div>\n            <\/div>\n<\/div>\n<div class=\"ekit-location elementor-repeater-item-0b84e35 ekit-location-on-hover   \">\n    <div class=\"ekit-location_outer\">\n        <div class=\"media ekit-flex-column ekit-location_inner\">\n            \n                            <div class='media-body'>\n                                        <h3 class=\"ekit-hotspot-title\">Contact <\/h3>\n                                                            <div class=\"ekit-location-des\">\n                        <p><strong>Responsable de section:<\/strong> M. JOUAF Mohamed Amine<\/p><p><strong>Email <\/strong>:<a href=\"mailto:m.djouaf@univ-djelfa.dz\">m.djouaf@univ-djelfa.dz<\/a><\/p>                    <\/div>\n                                    <\/div>\n                    <\/div>\n    <\/div>\n    <div class=\"ekit-location_indicator\">\n                            <div class=\"ekit_hotspot_arrow\"><\/div>\n            <\/div>\n<\/div>\n<div class=\"ekit-location elementor-repeater-item-fcf3590 ekit-location-on-hover   \">\n    <div class=\"ekit-location_outer\">\n        <div class=\"media ekit-flex-column ekit-location_inner\">\n            \n                            <div class='media-body'>\n                                        <h3 class=\"ekit-hotspot-title\">Contact<\/h3>\n                                                            <div class=\"ekit-location-des\">\n                        <p><strong>Responsable de section:<\/strong> M. KHALDI Abdelhamid<\/p><p><strong>Email <\/strong>:<a href=\"mailto:abdelhamid.khaldi@univ-djelfa.dz\">abdelhamid.khaldi@univ-djelfa.dz<\/a><\/p>                    <\/div>\n                                    <\/div>\n                    <\/div>\n    <\/div>\n    <div class=\"ekit-location_indicator\">\n                            <div class=\"ekit_hotspot_arrow\"><\/div>\n            <\/div>\n<\/div>\n<div class=\"ekit-location elementor-repeater-item-20867bc ekit-location-on-hover   \">\n    <div class=\"ekit-location_outer\">\n        <div class=\"media ekit-flex-column ekit-location_inner\">\n            \n                            <div class='media-body'>\n                                        <h3 class=\"ekit-hotspot-title\">Contact<\/h3>\n                                                            <div class=\"ekit-location-des\">\n                        <p><strong>Responsable de section:<\/strong>:M. ZEBIER Salem<\/p><p><strong>Email<\/strong>:<a href=\"mailto:s.zebeir@univ-djelfa.dz\">s.zebeir@univ-djelfa.dz<\/a><\/p>                    <\/div>\n                                    <\/div>\n                    <\/div>\n    <\/div>\n    <div class=\"ekit-location_indicator\">\n                            <div class=\"ekit_hotspot_arrow\"><\/div>\n            <\/div>\n<\/div>            <\/div><!-- .location-wraper END -->\n        <\/div>\n    <\/div>\t\t\t\t<\/div>\n\t\t\t\t<\/div>\n\t\t\t\t\t<\/div>\n\t\t<\/div>\n\t\t\t\t\t<\/div>\n\t\t<\/section>\n\t\t\t\t<section class=\"elementor-section elementor-top-section elementor-element elementor-element-a3d3fd9 elementor-section-boxed elementor-section-height-default elementor-section-height-default exad-sticky-section-no\" data-id=\"a3d3fd9\" data-element_type=\"section\" data-settings=\"{&quot;ekit_has_onepagescroll_dot&quot;:&quot;yes&quot;}\">\n\t\t\t\t\t\t<div class=\"elementor-container elementor-column-gap-default\">\n\t\t\t\t\t<div class=\"elementor-column elementor-col-100 elementor-top-column elementor-element elementor-element-2025073 exad-sticky-section-no\" data-id=\"2025073\" data-element_type=\"column\">\n\t\t\t<div class=\"elementor-widget-wrap elementor-element-populated\">\n\t\t\t\t\t\t<div class=\"elementor-element elementor-element-d9c7197 exad-sticky-section-no elementor-widget elementor-widget-button\" data-id=\"d9c7197\" data-element_type=\"widget\" data-settings=\"{&quot;ekit_we_effect_on&quot;:&quot;none&quot;}\" data-widget_type=\"button.default\">\n\t\t\t\t<div class=\"elementor-widget-container\">\n\t\t\t\t\t\t\t\t\t<div class=\"elementor-button-wrapper\">\n\t\t\t\t\t<a class=\"elementor-button elementor-button-link elementor-size-sm\" href=\"https:\/\/www.univ-djelfa.dz\/wp-content\/uploads\/%D9%85%D8%AC%D9%84%D8%B3-%D8%A7%D9%84%D8%A5%D8%AF%D8%A7%D8%B1%D8%A9.pdf\">\n\t\t\t\t\t\t<span class=\"elementor-button-content-wrapper\">\n\t\t\t\t\t\t<span class=\"elementor-button-icon\">\n\t\t\t\t<i aria-hidden=\"true\" class=\"far fa-file-pdf\"><\/i>\t\t\t<\/span>\n\t\t\t\t\t\t\t\t\t<span class=\"elementor-button-text\">Liste des membres du Conseil d\u2019administration de l\u2019universit\u00e9<\/span>\n\t\t\t\t\t<\/span>\n\t\t\t\t\t<\/a>\n\t\t\t\t<\/div>\n\t\t\t\t\t\t\t\t<\/div>\n\t\t\t\t<\/div>\n\t\t\t\t\t<\/div>\n\t\t<\/div>\n\t\t\t\t\t<\/div>\n\t\t<\/section>\n\t\t\t\t<\/div>\n\t\t","protected":false},"excerpt":{"rendered":"<p>Contact Vice Recteur : Pr Ali Habita Email :a.habita@univ-djelfa.dz Contact Conservateur de biblioth\u00e8que: M. DIF Mohamed Email :a.dif@univ-djelfa.dz Contact Secr\u00e9taire g\u00e9n\u00e9ral : M\u00a0 AMRI Mohamed Email : Contact Vice Recteur : Pr Mazouz Lakhdar Email :l.mazouz@univ-djelfa.dz Contact Vice Recteur: Pr MOKHTARI Mustapha Email : m.mokhtari@univ-djelfa.dz Contact Vice Rector : Pr FODILI Mokhtar Email : vr.aprsrec@univ-djelfa.dz&#8230;<\/p>\n","protected":false},"author":2,"featured_media":17396,"parent":0,"menu_order":0,"comment_status":"closed","ping_status":"closed","template":"","meta":{"_kad_post_transparent":"","_kad_post_title":"default","_kad_post_layout":"default","_kad_post_sidebar_id":"","_kad_post_content_style":"default","_kad_post_vertical_padding":"default","_kad_post_feature":"default","_kad_post_feature_position":"","_kad_post_header":false,"_kad_post_footer":false,"footnotes":""},"class_list":["post-28858","page","type-page","status-publish","has-post-thumbnail","hentry"],"lang":"fr","translations":{"fr":28858,"en":18127,"ar":17249},"pll_sync_post":[],"_links":{"self":[{"href":"https:\/\/www.univ-djelfa.dz\/index.php?rest_route=\/wp\/v2\/pages\/28858","targetHints":{"allow":["GET"]}}],"collection":[{"href":"https:\/\/www.univ-djelfa.dz\/index.php?rest_route=\/wp\/v2\/pages"}],"about":[{"href":"https:\/\/www.univ-djelfa.dz\/index.php?rest_route=\/wp\/v2\/types\/page"}],"author":[{"embeddable":true,"href":"https:\/\/www.univ-djelfa.dz\/index.php?rest_route=\/wp\/v2\/users\/2"}],"replies":[{"embeddable":true,"href":"https:\/\/www.univ-djelfa.dz\/index.php?rest_route=%2Fwp%2Fv2%2Fcomments&post=28858"}],"version-history":[{"count":25,"href":"https:\/\/www.univ-djelfa.dz\/index.php?rest_route=\/wp\/v2\/pages\/28858\/revisions"}],"predecessor-version":[{"id":32740,"href":"https:\/\/www.univ-djelfa.dz\/index.php?rest_route=\/wp\/v2\/pages\/28858\/revisions\/32740"}],"wp:featuredmedia":[{"embeddable":true,"href":"https:\/\/www.univ-djelfa.dz\/index.php?rest_route=\/wp\/v2\/media\/17396"}],"wp:attachment":[{"href":"https:\/\/www.univ-djelfa.dz\/index.php?rest_route=%2Fwp%2Fv2%2Fmedia&parent=28858"}],"curies":[{"name":"wp","href":"https:\/\/api.w.org\/{rel}","templated":true}]}}