{"id":29045,"date":"2024-12-11T11:26:22","date_gmt":"2024-12-11T10:26:22","guid":{"rendered":"https:\/\/demo.univ-djelfa.dz\/?page_id=29045"},"modified":"2025-11-07T21:04:58","modified_gmt":"2025-11-07T20:04:58","slug":"projets-de-recherche","status":"publish","type":"page","link":"https:\/\/www.univ-djelfa.dz\/?page_id=29045","title":{"rendered":"Projets de recherche"},"content":{"rendered":"\t\t<div data-elementor-type=\"wp-page\" data-elementor-id=\"29045\" class=\"elementor elementor-29045\" data-elementor-post-type=\"page\">\n\t\t\t\t\t\t<section class=\"elementor-section elementor-top-section elementor-element elementor-element-5f232f0 elementor-section-boxed elementor-section-height-default elementor-section-height-default exad-sticky-section-no\" data-id=\"5f232f0\" data-element_type=\"section\" data-settings=\"{&quot;ekit_has_onepagescroll_dot&quot;:&quot;yes&quot;}\">\n\t\t\t\t\t\t<div class=\"elementor-container elementor-column-gap-default\">\n\t\t\t\t\t<div class=\"elementor-column elementor-col-100 elementor-top-column elementor-element elementor-element-40b8a94 exad-sticky-section-no\" data-id=\"40b8a94\" data-element_type=\"column\">\n\t\t\t<div class=\"elementor-widget-wrap elementor-element-populated\">\n\t\t\t\t\t\t<div class=\"elementor-element elementor-element-42e80f9 exad-sticky-section-no elementor-widget elementor-widget-html\" data-id=\"42e80f9\" data-element_type=\"widget\" data-settings=\"{&quot;ekit_we_effect_on&quot;:&quot;none&quot;}\" data-widget_type=\"html.default\">\n\t\t\t\t<div class=\"elementor-widget-container\">\n\t\t\t\t\t<!-- ======= Les projets nationaux de recherche (PNR) ======= -->\n<div class=\"pnr-section-fr\" dir=\"ltr\">\n  <style>\n    .pnr-section-fr {\n      font-family: 'Cairo', sans-serif;\n      background-color: #fff6f7;\n      padding: 25px;\n      color: #2e2e2e;\n      text-align: left;\n    }\n    .pnr-section-fr h1 {\n      text-align: center;\n      color: #ac0b30;\n      margin-bottom: 30px;\n      font-size: 24px;\n    }\n    .pnr-section-fr .pnr-container {\n      display: grid;\n      grid-template-columns: repeat(auto-fit, minmax(320px, 1fr));\n      gap: 20px;\n    }\n    .pnr-section-fr .pnr-card {\n      background-color: #fff;\n      border: 2px solid #ac0b30;\n      border-radius: 12px;\n      box-shadow: 0 4px 10px rgba(172,11,48,0.1);\n      padding: 18px;\n      line-height: 1.6;\n      transition: transform 0.3s ease;\n    }\n    .pnr-section-fr .pnr-card:hover {\n      transform: translateY(-6px);\n    }\n    .pnr-section-fr .pnr-card h2 {\n      color: #ac0b30;\n      font-size: 18px;\n      margin-top: 0;\n    }\n    .pnr-section-fr .pnr-card h3 {\n      color: #b94855;\n      font-size: 15px;\n      margin-bottom: 8px;\n    }\n    .pnr-section-fr .summary {\n      margin-top: 10px;\n      font-size: 14px;\n      color: #444;\n    }\n  <\/style>\n\n  <h1>Les projets nationaux de recherche (PNR)<\/h1>\n\n  <div class=\"pnr-container\">\n\n    <!-- Projet 1 -->\n    <div class=\"pnr-card\">\n      <h2>1. Projet PNR : Cartographie - syst\u00e8me connect\u00e9 intelligent pour la surveillance des ruches d\u2019abeilles<\/h2>\n      <h3>Chef de projet : Dr Nouri Nabil<\/h3>\n      <p class=\"summary\">\n        Le projet \"Cartographie - syst\u00e8me connect\u00e9 intelligent pour la surveillance des ruches d\u2019abeilles\" utilise des capteurs IoT et la cartographie g\u00e9ographique pour surveiller en temps r\u00e9el les ruches d'abeilles en Alg\u00e9rie. \n        L'objectif est d'am\u00e9liorer la gestion des ruches, de lutter contre le d\u00e9clin des abeilles et d'optimiser la production de miel gr\u00e2ce \u00e0 des donn\u00e9es pr\u00e9cises sur la temp\u00e9rature, l'humidit\u00e9 et les risques externes. \n        Le syst\u00e8me permet une intervention rapide en cas de probl\u00e8me, tout en offrant une cartographie des ruches pour une gestion g\u00e9ospatiale. \n        Les r\u00e9sultats attendus incluent une meilleure productivit\u00e9, moins de pertes de colonies et un secteur apicole modernis\u00e9. \n        Le projet vise \u00e9galement \u00e0 promouvoir des pratiques apicoles durables et \u00e0 soutenir l'innovation en Alg\u00e9rie.\n      <\/p>\n    <\/div>\n\n    <!-- Projet 2 -->\n    <div class=\"pnr-card\">\n      <h2>2. Projet PNR : Conception et r\u00e9alisation d'un syst\u00e8me de pompage et d'irrigation autonome aliment\u00e9 par \u00e9nergie solaire<\/h2>\n      <h3>Chef de projet : Pr Laaroussi Kouider<\/h3>\n      <p class=\"summary\">\n        L\u2019objectif de ce projet est la lutte contre la d\u00e9sertification et l\u2019\u00e9rosion hydrique : \u00e9tude et quantification des processus et mise en \u0153uvre des techniques de lutte.\n      <\/p>\n    <\/div>\n\n    <!-- Projet 3 -->\n    <div class=\"pnr-card\">\n      <h2>3. Projet PNR : Conception et r\u00e9alisation d'une couveuse d'\u0153ufs intelligente<\/h2>\n      <h3>Chef de projet : Pr Boudiaf Mohamed<\/h3>\n      <p class=\"summary\">\n        Ce projet vise \u00e0 d\u00e9velopper une couveuse d'\u0153ufs automatis\u00e9e et intelligente permettant de r\u00e9guler la temp\u00e9rature, l\u2019humidit\u00e9 et le taux d\u2019\u00e9closion \u00e0 l\u2019aide de syst\u00e8mes de contr\u00f4le avanc\u00e9s.\n      <\/p>\n    <\/div>\n\n    <!-- Projet 4 -->\n    <div class=\"pnr-card\">\n      <h2>4. Projet PNR : Conception et r\u00e9alisation d\u2019un syst\u00e8me de s\u00e9chage solaire thermique-photovolta\u00efque intelligent pour les produits agroalimentaires<\/h2>\n      <h3>Chef de projet : Pr Kouzou Abdallah<\/h3>\n      <p class=\"summary\">\n        Il s\u2019agira de proc\u00e9der \u00e0 l\u2019analyse, \u00e0 la caract\u00e9risation et \u00e0 la documentation des m\u00e9canismes technologiques de mise en valeur afin de d\u00e9velopper un syst\u00e8me de s\u00e9chage solaire combinant l\u2019\u00e9nergie thermique et photovolta\u00efque pour les produits agroalimentaires.\n      <\/p>\n    <\/div>\n\n    <!-- Projet 5 -->\n    <div class=\"pnr-card\">\n      <h2>5. Projet PNR : Conception d\u2019un syst\u00e8me de r\u00e9cup\u00e9ration de chaleur fatale d\u2019\u00e9chappement des turbines \u00e0 gaz pour l\u2019autoproduction d\u2019\u00e9nergie \u00e9lectrique<\/h2>\n      <h3>Chef de projet : Pr Hafaifa Ahmed<\/h3>\n      <p class=\"summary\">\n        Ce projet consiste \u00e0 concevoir un syst\u00e8me de cog\u00e9n\u00e9ration dans les stations de compression de gaz de SONATRACH, permettant de r\u00e9cup\u00e9rer la chaleur fatale des gaz d\u2019\u00e9chappement des turbines pour produire de l\u2019\u00e9lectricit\u00e9 et am\u00e9liorer l\u2019efficacit\u00e9 \u00e9nerg\u00e9tique.\n      <\/p>\n    <\/div>\n\n    <!-- Projet 6 -->\n    <div class=\"pnr-card\">\n      <h2>6. Projet PNR : Aide de diagnostic et prise en charge des patients atteints d'AVC en utilisant l\u2019intelligence artificielle et la cytom\u00e9trie en flux<\/h2>\n      <h3>Chef de projet : Pr Brahimi Tarek<\/h3>\n      <p class=\"summary\">\n        Ce projet vise \u00e0 aider les m\u00e9decins sp\u00e9cialistes \u00e0 prendre des d\u00e9cisions m\u00e9dicales concernant les patients victimes d'AVC gr\u00e2ce \u00e0 des algorithmes d'intelligence artificielle, que ce soit par l'administration de m\u00e9dicaments th\u00e9rapeutiques ou par une intervention chirurgicale. \n        Il s'appuie sur une base de donn\u00e9es issue de recherches men\u00e9es sur d'anciens patients afin d'am\u00e9liorer la qualit\u00e9 de vie des personnes atteintes ou de d\u00e9velopper des solutions technologiques permettant d\u2019anticiper, traiter ou pr\u00e9venir les cons\u00e9quences de ces l\u00e9sions invalidantes. \n        Il vise \u00e9galement \u00e0 fournir un mod\u00e8le de simulation permettant aux patients de s\u2019adapter aux exercices de r\u00e9\u00e9ducation en simulant le mouvement de mani\u00e8re optimale.\n      <\/p>\n    <\/div>\n\n  <\/div>\n<\/div>\n<!-- ======= Fin de la section PNR ======= -->\n\t\t\t\t<\/div>\n\t\t\t\t<\/div>\n\t\t\t\t\t<\/div>\n\t\t<\/div>\n\t\t\t\t\t<\/div>\n\t\t<\/section>\n\t\t\t\t<\/div>\n\t\t","protected":false},"excerpt":{"rendered":"<p>Les projets nationaux de recherche (PNR) 1. Projet PNR : Cartographie &#8211; syst\u00e8me connect\u00e9 intelligent pour la surveillance des ruches d\u2019abeilles Chef de projet : Dr Nouri Nabil Le projet &#8220;Cartographie &#8211; syst\u00e8me connect\u00e9 intelligent pour la surveillance des ruches d\u2019abeilles&#8221; utilise des capteurs IoT et la cartographie g\u00e9ographique pour surveiller en temps r\u00e9el les&#8230;<\/p>\n","protected":false},"author":2,"featured_media":20242,"parent":0,"menu_order":0,"comment_status":"closed","ping_status":"closed","template":"","meta":{"_kad_post_transparent":"","_kad_post_title":"hide","_kad_post_layout":"fullwidth","_kad_post_sidebar_id":"","_kad_post_content_style":"unboxed","_kad_post_vertical_padding":"hide","_kad_post_feature":"hide","_kad_post_feature_position":"","_kad_post_header":false,"_kad_post_footer":false,"footnotes":""},"class_list":["post-29045","page","type-page","status-publish","has-post-thumbnail","hentry"],"lang":"fr","translations":{"fr":29045,"en":20244,"ar":20241},"pll_sync_post":[],"_links":{"self":[{"href":"https:\/\/www.univ-djelfa.dz\/index.php?rest_route=\/wp\/v2\/pages\/29045","targetHints":{"allow":["GET"]}}],"collection":[{"href":"https:\/\/www.univ-djelfa.dz\/index.php?rest_route=\/wp\/v2\/pages"}],"about":[{"href":"https:\/\/www.univ-djelfa.dz\/index.php?rest_route=\/wp\/v2\/types\/page"}],"author":[{"embeddable":true,"href":"https:\/\/www.univ-djelfa.dz\/index.php?rest_route=\/wp\/v2\/users\/2"}],"replies":[{"embeddable":true,"href":"https:\/\/www.univ-djelfa.dz\/index.php?rest_route=%2Fwp%2Fv2%2Fcomments&post=29045"}],"version-history":[{"count":6,"href":"https:\/\/www.univ-djelfa.dz\/index.php?rest_route=\/wp\/v2\/pages\/29045\/revisions"}],"predecessor-version":[{"id":31071,"href":"https:\/\/www.univ-djelfa.dz\/index.php?rest_route=\/wp\/v2\/pages\/29045\/revisions\/31071"}],"wp:featuredmedia":[{"embeddable":true,"href":"https:\/\/www.univ-djelfa.dz\/index.php?rest_route=\/wp\/v2\/media\/20242"}],"wp:attachment":[{"href":"https:\/\/www.univ-djelfa.dz\/index.php?rest_route=%2Fwp%2Fv2%2Fmedia&parent=29045"}],"curies":[{"name":"wp","href":"https:\/\/api.w.org\/{rel}","templated":true}]}}