{"id":30775,"date":"2025-09-09T19:46:14","date_gmt":"2025-09-09T18:46:14","guid":{"rendered":"https:\/\/www.univ-djelfa.dz\/?page_id=30775"},"modified":"2025-11-07T20:18:58","modified_gmt":"2025-11-07T19:18:58","slug":"hebergement-2","status":"publish","type":"page","link":"https:\/\/www.univ-djelfa.dz\/?page_id=30775","title":{"rendered":"H\u00e9bergement"},"content":{"rendered":"\t\t<div data-elementor-type=\"wp-page\" data-elementor-id=\"30775\" class=\"elementor elementor-30775\" data-elementor-post-type=\"page\">\n\t\t\t\t\t\t<section class=\"elementor-section elementor-top-section elementor-element elementor-element-3f7db0c elementor-section-boxed elementor-section-height-default elementor-section-height-default exad-sticky-section-no\" data-id=\"3f7db0c\" data-element_type=\"section\" data-settings=\"{&quot;ekit_has_onepagescroll_dot&quot;:&quot;yes&quot;}\">\n\t\t\t\t\t\t<div class=\"elementor-container elementor-column-gap-default\">\n\t\t\t\t\t<div class=\"elementor-column elementor-col-100 elementor-top-column elementor-element elementor-element-4c60a86 exad-sticky-section-no\" data-id=\"4c60a86\" data-element_type=\"column\">\n\t\t\t<div class=\"elementor-widget-wrap\">\n\t\t\t\t\t\t\t<\/div>\n\t\t<\/div>\n\t\t\t\t\t<\/div>\n\t\t<\/section>\n\t\t\t\t<section class=\"elementor-section elementor-top-section elementor-element elementor-element-b975ef6 elementor-section-boxed elementor-section-height-default elementor-section-height-default exad-sticky-section-no\" data-id=\"b975ef6\" data-element_type=\"section\" data-settings=\"{&quot;ekit_has_onepagescroll_dot&quot;:&quot;yes&quot;}\">\n\t\t\t\t\t\t<div class=\"elementor-container elementor-column-gap-default\">\n\t\t\t\t\t<div class=\"elementor-column elementor-col-100 elementor-top-column elementor-element elementor-element-e0ae7a3 exad-sticky-section-no\" data-id=\"e0ae7a3\" data-element_type=\"column\">\n\t\t\t<div class=\"elementor-widget-wrap elementor-element-populated\">\n\t\t\t\t\t\t<div class=\"elementor-element elementor-element-d8d7011 exad-sticky-section-no elementor-widget elementor-widget-html\" data-id=\"d8d7011\" data-element_type=\"widget\" data-settings=\"{&quot;ekit_we_effect_on&quot;:&quot;none&quot;}\" data-widget_type=\"html.default\">\n\t\t\t\t<div class=\"elementor-widget-container\">\n\t\t\t\t\t<!-- ======= ORGANIGRAMME DE LA R\u00c9SIDENCE UNIVERSITAIRE ======= -->\n<div class=\"structure-residence-fr\" dir=\"ltr\">\n  <style>\n    .structure-residence-fr {\n      font-family: 'Cairo', sans-serif;\n      background: #fff6f7;\n      padding: 25px;\n      text-align: center;\n      color: #2e2e2e;\n    }\n    .structure-residence-fr h2 {\n      color: #ac0b30;\n      margin-bottom: 30px;\n      font-size: 22px;\n    }\n    .structure-residence-fr .chart {\n      display: flex;\n      flex-direction: column;\n      align-items: center;\n    }\n    .structure-residence-fr .level {\n      display: flex;\n      justify-content: center;\n      align-items: flex-start;\n      gap: 25px;\n      margin: 40px 0;\n      flex-wrap: wrap;\n      position: relative;\n    }\n    .structure-residence-fr .level::before {\n      content: \"\";\n      position: absolute;\n      top: -25px;\n      left: 50%;\n      transform: translateX(-50%);\n      width: 2px;\n      height: 25px;\n      background: #ac0b30;\n    }\n    .structure-residence-fr .chart > .level:first-of-type::before {\n      display: none;\n    }\n    .structure-residence-fr .frame {\n      border: 2px solid #ac0b30;\n      border-radius: 10px;\n      padding: 10px;\n      background-color: #fff;\n      color: #ac0b30;\n      font-weight: 700;\n      min-width: 200px;\n      box-shadow: 0 2px 10px rgba(172,11,48,0.1);\n    }\n    .structure-residence-fr .sublevel {\n      display: flex;\n      justify-content: center;\n      gap: 15px;\n      margin-top: 20px;\n      flex-wrap: wrap;\n      position: relative;\n    }\n    .structure-residence-fr .sublevel::before {\n      content: \"\";\n      position: absolute;\n      top: -18px;\n      left: 50%;\n      transform: translateX(-50%);\n      width: 2px;\n      height: 18px;\n      background: #ac0b30;\n    }\n    .structure-residence-fr .sublevel .frame {\n      border-color: #d25b68;\n      color: #b94855;\n      font-weight: 600;\n    }\n  <\/style>\n\n  <h2>Organigramme de la r\u00e9sidence universitaire<\/h2>\n\n  <div class=\"chart\">\n\n    <!-- Niveau 1 -->\n    <div class=\"level\">\n      <div class=\"frame\" style=\"background:linear-gradient(180deg,#ac0b30,#b73a4a);color:#fff;\">Directeur de la r\u00e9sidence universitaire<\/div>\n    <\/div>\n\n    <!-- Niveau 2 -->\n    <div class=\"level\">\n      <div class=\"frame\" style=\"background:linear-gradient(180deg,#b94855,#d25b68);color:#fff;\">Directeur adjoint de la r\u00e9sidence<\/div>\n    <\/div>\n\n    <!-- Niveau 3 -->\n    <div class=\"level\">\n\n      <!-- Service gestion des moyens -->\n      <div class=\"frame\">\n        Service de gestion des moyens\n        <div class=\"sublevel\">\n          <div class=\"frame\">Bureau des utilisateurs<\/div>\n          <div class=\"frame\">Bureau du budget et de la comptabilit\u00e9<\/div>\n          <div class=\"frame\">Bureau des moyens g\u00e9n\u00e9raux<\/div>\n          <div class=\"frame\">Bureau des recettes<\/div>\n        <\/div>\n      <\/div>\n\n      <!-- Service m\u00e9decine pr\u00e9ventive -->\n      <div class=\"frame\">\n        Service de m\u00e9decine pr\u00e9ventive\n        <div class=\"sublevel\">\n          <div class=\"frame\">Bureau de la pr\u00e9vention<\/div>\n          <div class=\"frame\">Bureau des m\u00e9decins<\/div>\n        <\/div>\n      <\/div>\n\n      <!-- Service hygi\u00e8ne et maintenance -->\n      <div class=\"frame\">\n        Service d\u2019hygi\u00e8ne et de maintenance\n        <div class=\"sublevel\">\n          <div class=\"frame\">Bureau d\u2019hygi\u00e8ne et de maintenance<\/div>\n          <div class=\"frame\">Bureau de s\u00e9curit\u00e9 interne<\/div>\n        <\/div>\n      <\/div>\n\n      <!-- Service activit\u00e9s scientifiques -->\n      <div class=\"frame\">\n        Service des activit\u00e9s scientifiques\n        <div class=\"sublevel\">\n          <div class=\"frame\">Bureau des activit\u00e9s scientifiques<\/div>\n          <div class=\"frame\">Bureau des activit\u00e9s sportives<\/div>\n        <\/div>\n      <\/div>\n\n      <!-- Service restauration -->\n      <div class=\"frame\">\n        Service de restauration\n        <div class=\"sublevel\">\n          <div class=\"frame\">Bureau de l\u2019unit\u00e9 de restauration<\/div>\n          <div class=\"frame\">Bureau de l\u2019approvisionnement<\/div>\n        <\/div>\n      <\/div>\n\n      <!-- Service h\u00e9bergement -->\n      <div class=\"frame\">\n        Service d\u2019h\u00e9bergement\n        <div class=\"sublevel\">\n          <div class=\"frame\">Bureau de la fourniture d\u2019h\u00e9bergement<\/div>\n          <div class=\"frame\">Bureau de gestion<\/div>\n        <\/div>\n      <\/div>\n    <\/div>\n  <\/div>\n<\/div>\n<!-- ======= Fin de l'organigramme ======= -->\n\t\t\t\t<\/div>\n\t\t\t\t<\/div>\n\t\t\t\t\t<\/div>\n\t\t<\/div>\n\t\t\t\t\t<\/div>\n\t\t<\/section>\n\t\t\t\t<\/div>\n\t\t","protected":false},"excerpt":{"rendered":"<p>Organigramme de la r\u00e9sidence universitaire Directeur de la r\u00e9sidence universitaire Directeur adjoint de la r\u00e9sidence Service de gestion des moyens Bureau des utilisateurs Bureau du budget et de la comptabilit\u00e9 Bureau des moyens g\u00e9n\u00e9raux Bureau des recettes Service de m\u00e9decine pr\u00e9ventive Bureau de la pr\u00e9vention Bureau des m\u00e9decins Service d\u2019hygi\u00e8ne et de maintenance Bureau d\u2019hygi\u00e8ne&#8230;<\/p>\n","protected":false},"author":2,"featured_media":14238,"parent":0,"menu_order":0,"comment_status":"closed","ping_status":"closed","template":"","meta":{"_kad_post_transparent":"","_kad_post_title":"default","_kad_post_layout":"default","_kad_post_sidebar_id":"","_kad_post_content_style":"default","_kad_post_vertical_padding":"default","_kad_post_feature":"default","_kad_post_feature_position":"","_kad_post_header":false,"_kad_post_footer":false,"footnotes":""},"class_list":["post-30775","page","type-page","status-publish","has-post-thumbnail","hentry"],"lang":"fr","translations":{"fr":30775,"en":30725,"ar":27165},"pll_sync_post":[],"_links":{"self":[{"href":"https:\/\/www.univ-djelfa.dz\/index.php?rest_route=\/wp\/v2\/pages\/30775","targetHints":{"allow":["GET"]}}],"collection":[{"href":"https:\/\/www.univ-djelfa.dz\/index.php?rest_route=\/wp\/v2\/pages"}],"about":[{"href":"https:\/\/www.univ-djelfa.dz\/index.php?rest_route=\/wp\/v2\/types\/page"}],"author":[{"embeddable":true,"href":"https:\/\/www.univ-djelfa.dz\/index.php?rest_route=\/wp\/v2\/users\/2"}],"replies":[{"embeddable":true,"href":"https:\/\/www.univ-djelfa.dz\/index.php?rest_route=%2Fwp%2Fv2%2Fcomments&post=30775"}],"version-history":[{"count":5,"href":"https:\/\/www.univ-djelfa.dz\/index.php?rest_route=\/wp\/v2\/pages\/30775\/revisions"}],"predecessor-version":[{"id":31037,"href":"https:\/\/www.univ-djelfa.dz\/index.php?rest_route=\/wp\/v2\/pages\/30775\/revisions\/31037"}],"wp:featuredmedia":[{"embeddable":true,"href":"https:\/\/www.univ-djelfa.dz\/index.php?rest_route=\/wp\/v2\/media\/14238"}],"wp:attachment":[{"href":"https:\/\/www.univ-djelfa.dz\/index.php?rest_route=%2Fwp%2Fv2%2Fmedia&parent=30775"}],"curies":[{"name":"wp","href":"https:\/\/api.w.org\/{rel}","templated":true}]}}